{"id":990,"date":"2024-10-23T08:47:49","date_gmt":"2024-10-23T06:47:49","guid":{"rendered":"https:\/\/terrazza.hr\/?page_id=990"},"modified":"2024-11-20T17:07:54","modified_gmt":"2024-11-20T16:07:54","slug":"designers","status":"publish","type":"page","link":"https:\/\/terrazza.hr\/hr\/designers\/","title":{"rendered":"Dizajneri"},"content":{"rendered":"\n<div class=\"wp-block-columns UpMargin DownMargin is-layout-flex wp-container-core-columns-is-layout-5680126c wp-block-columns-is-layout-flex\">\n<div class=\"wp-block-column ticss-1709c028 DesignersColumn is-layout-flow wp-block-column-is-layout-flow\">\n<div class=\"wp-block-group is-vertical is-layout-flex wp-container-core-group-is-layout-fe9cc265 wp-block-group-is-layout-flex\">\n<figure class=\"wp-block-image size-full\"><img decoding=\"async\" src=\"data:image\/gif;base64,R0lGODlhAQABAIAAAAAAAP\/\/\/yH5BAEAAAAALAAAAAABAAEAAAIBRAA7\" data-src=\"https:\/\/terrazza.hr\/wp-content\/uploads\/2024\/11\/terrazza-designers-studio-rut.jpg\" alt=\"\" class=\"wp-image-671 lazyload\" style=\"aspect-ratio:4\/3;object-fit:cover\"\/><noscript><img decoding=\"async\" width=\"1920\" height=\"1280\" src=\"https:\/\/terrazza.hr\/wp-content\/uploads\/2024\/11\/terrazza-designers-studio-rut.jpg\" alt=\"\" class=\"wp-image-671 lazyload\" style=\"aspect-ratio:4\/3;object-fit:cover\" srcset=\"https:\/\/terrazza.hr\/wp-content\/uploads\/2024\/11\/terrazza-designers-studio-rut.jpg 1920w, https:\/\/terrazza.hr\/wp-content\/uploads\/2024\/11\/terrazza-designers-studio-rut-300x200.jpg 300w, https:\/\/terrazza.hr\/wp-content\/uploads\/2024\/11\/terrazza-designers-studio-rut-1024x683.jpg 1024w, https:\/\/terrazza.hr\/wp-content\/uploads\/2024\/11\/terrazza-designers-studio-rut-768x512.jpg 768w, https:\/\/terrazza.hr\/wp-content\/uploads\/2024\/11\/terrazza-designers-studio-rut-1536x1024.jpg 1536w\" sizes=\"(max-width: 1920px) 100vw, 1920px\" \/><\/noscript><\/figure>\n\n\n\n<h2 class=\"wp-block-heading ProductNameH2\">Studio Ru:t<\/h2>\n\n\n\n<p style=\"padding-bottom:20px\">Studio RU:T je multidisciplinarni dizajnerski studio koji su osnovali Tvrtko Boji\u0107 i Karla Paliska specijaliziran za produkt dizajn, vizualne komunikacije, prostorne koncepte i intervencije. U svom radu fokusirani su na prakti\u010dna i odr\u017eiva rje\u0161enja te na eksperimente koji propituju koncept \u017eivljenja.<\/p>\n<\/div>\n\n\n\n<div class=\"wp-block-group has-global-padding is-layout-constrained wp-block-group-is-layout-constrained\">\n<hr class=\"wp-block-separator has-text-color has-alpha-channel-opacity has-background Separator\" style=\"background-color:#969696;color:#969696\"\/>\n\n\n\n<p>Proizvodi: Limoni, Sol<\/p>\n\n\n\n<hr class=\"wp-block-separator has-text-color has-alpha-channel-opacity has-background is-style-default Separator ticss-f34895d9\" style=\"background-color:#969696;color:#969696\"\/>\n<\/div>\n<\/div>\n\n\n\n<div class=\"wp-block-column DesignersColumn is-layout-flow wp-block-column-is-layout-flow\">\n<div class=\"wp-block-group is-vertical is-layout-flex wp-container-core-group-is-layout-fe9cc265 wp-block-group-is-layout-flex\">\n<figure class=\"wp-block-image size-full\"><img decoding=\"async\" src=\"data:image\/gif;base64,R0lGODlhAQABAIAAAAAAAP\/\/\/yH5BAEAAAAALAAAAAABAAEAAAIBRAA7\" data-src=\"https:\/\/terrazza.hr\/wp-content\/uploads\/2024\/11\/terrazza-designers-lea-aviani-1.jpg\" alt=\"\" class=\"wp-image-1406 lazyload\" style=\"aspect-ratio:4\/3;object-fit:cover\"\/><noscript><img decoding=\"async\" width=\"1308\" height=\"1047\" src=\"https:\/\/terrazza.hr\/wp-content\/uploads\/2024\/11\/terrazza-designers-lea-aviani-1.jpg\" alt=\"\" class=\"wp-image-1406 lazyload\" style=\"aspect-ratio:4\/3;object-fit:cover\" srcset=\"https:\/\/terrazza.hr\/wp-content\/uploads\/2024\/11\/terrazza-designers-lea-aviani-1.jpg 1308w, https:\/\/terrazza.hr\/wp-content\/uploads\/2024\/11\/terrazza-designers-lea-aviani-1-300x240.jpg 300w, https:\/\/terrazza.hr\/wp-content\/uploads\/2024\/11\/terrazza-designers-lea-aviani-1-1024x820.jpg 1024w, https:\/\/terrazza.hr\/wp-content\/uploads\/2024\/11\/terrazza-designers-lea-aviani-1-768x615.jpg 768w\" sizes=\"(max-width: 1308px) 100vw, 1308px\" \/><\/noscript><\/figure>\n\n\n\n<h2 class=\"wp-block-heading ProductNameH2\">Lea Aviani<\/h2>\n\n\n\n<p style=\"padding-bottom:20px\">Lea Aviani osniva\u010dica je dizajnerskog studija Projectum sa sjedi\u0161tem u Splitu. Njezine dizajnerske projekte producira nekoliko me\u0111unarodnih tvrtki, iako se prvenstveno fokusira na dizajn interijera. Kroz svoj rad nastoji spojiti tradiciju i inovativnost, pod sna\u017enim utjecajem mediteranskog na\u010dina \u017eivota.<\/p>\n<\/div>\n\n\n\n<div class=\"wp-block-group has-global-padding is-layout-constrained wp-block-group-is-layout-constrained\">\n<hr class=\"wp-block-separator has-text-color has-alpha-channel-opacity has-background Separator\" style=\"background-color:#969696;color:#969696\"\/>\n\n\n\n<p>Proizvod: MILKme<\/p>\n\n\n\n<hr class=\"wp-block-separator has-text-color has-alpha-channel-opacity has-background is-style-default Separator ticss-f34895d9\" style=\"background-color:#969696;color:#969696\"\/>\n<\/div>\n<\/div>\n<\/div>\n","protected":false},"excerpt":{"rendered":"<p>Studio Ru:t Studio RU:T je multidisciplinarni dizajnerski studio koji su osnovali Tvrtko Boji\u0107 i Karla Paliska specijaliziran za produkt dizajn, vizualne komunikacije, prostorne koncepte i intervencije. U svom radu fokusirani su na prakti\u010dna i odr\u017eiva rje\u0161enja te na eksperimente koji propituju koncept \u017eivljenja. Proizvodi: Limoni, Sol Lea Aviani Lea Aviani osniva\u010dica je dizajnerskog studija Projectum [&hellip;]<\/p>\n","protected":false},"author":1,"featured_media":0,"parent":0,"menu_order":0,"comment_status":"closed","ping_status":"closed","template":"page-no-title","meta":{"_themeisle_gutenberg_block_has_review":false,"footnotes":""},"class_list":["post-990","page","type-page","status-publish","hentry"],"_links":{"self":[{"href":"https:\/\/terrazza.hr\/hr\/wp-json\/wp\/v2\/pages\/990","targetHints":{"allow":["GET"]}}],"collection":[{"href":"https:\/\/terrazza.hr\/hr\/wp-json\/wp\/v2\/pages"}],"about":[{"href":"https:\/\/terrazza.hr\/hr\/wp-json\/wp\/v2\/types\/page"}],"author":[{"embeddable":true,"href":"https:\/\/terrazza.hr\/hr\/wp-json\/wp\/v2\/users\/1"}],"replies":[{"embeddable":true,"href":"https:\/\/terrazza.hr\/hr\/wp-json\/wp\/v2\/comments?post=990"}],"version-history":[{"count":8,"href":"https:\/\/terrazza.hr\/hr\/wp-json\/wp\/v2\/pages\/990\/revisions"}],"predecessor-version":[{"id":1586,"href":"https:\/\/terrazza.hr\/hr\/wp-json\/wp\/v2\/pages\/990\/revisions\/1586"}],"wp:attachment":[{"href":"https:\/\/terrazza.hr\/hr\/wp-json\/wp\/v2\/media?parent=990"}],"curies":[{"name":"wp","href":"https:\/\/api.w.org\/{rel}","templated":true}]}}