{"id":984,"date":"2024-10-23T08:47:10","date_gmt":"2024-10-23T06:47:10","guid":{"rendered":"https:\/\/terrazza.hr\/?page_id=984"},"modified":"2026-01-16T08:45:39","modified_gmt":"2026-01-16T07:45:39","slug":"about","status":"publish","type":"page","link":"https:\/\/terrazza.hr\/hr\/about\/","title":{"rendered":"O nama"},"content":{"rendered":"\n<div class=\"wp-block-group SmallNavMargin has-global-padding is-layout-constrained wp-block-group-is-layout-constrained\">\n<figure class=\"wp-block-image size-full AboutHeroImg ticss-2e333f21\"><img decoding=\"async\" src=\"data:image\/gif;base64,R0lGODlhAQABAIAAAAAAAP\/\/\/yH5BAEAAAAALAAAAAABAAEAAAIBRAA7\" data-src=\"https:\/\/terrazza.hr\/wp-content\/uploads\/2024\/11\/terrazza-about-us-1.jpg\" alt=\"\" class=\"wp-image-661 lazyload\"\/><noscript><img decoding=\"async\" width=\"1920\" height=\"1280\" src=\"https:\/\/terrazza.hr\/wp-content\/uploads\/2024\/11\/terrazza-about-us-1.jpg\" alt=\"\" class=\"wp-image-661 lazyload\" srcset=\"https:\/\/terrazza.hr\/wp-content\/uploads\/2024\/11\/terrazza-about-us-1.jpg 1920w, https:\/\/terrazza.hr\/wp-content\/uploads\/2024\/11\/terrazza-about-us-1-300x200.jpg 300w, https:\/\/terrazza.hr\/wp-content\/uploads\/2024\/11\/terrazza-about-us-1-1024x683.jpg 1024w, https:\/\/terrazza.hr\/wp-content\/uploads\/2024\/11\/terrazza-about-us-1-768x512.jpg 768w, https:\/\/terrazza.hr\/wp-content\/uploads\/2024\/11\/terrazza-about-us-1-1536x1024.jpg 1536w\" sizes=\"(max-width: 1920px) 100vw, 1920px\" \/><\/noscript><\/figure>\n<\/div>\n\n\n\n<div class=\"wp-block-group DownMargin SmallNavMargin has-global-padding is-layout-constrained wp-block-group-is-layout-constrained\">\n<h2 class=\"wp-block-heading has-text-align-left width1370 ProductNameH2\">Nakon godina vo\u0111enja obiteljskog obrta za obradu drva, opremljeni iskustvom i stra\u0161\u0107u prema obradi drva, odlu\u010dili su osnovati brend vanjskog namje\u0161taja koja \u0107e isporu\u010divati \u200b\u200bvisokokvalitetna, odr\u017eiva rje\u0161enja izra\u0111ena od prirodnih materijala lokalnog porijekla.<\/h2>\n\n\n\n<p class=\"width920 SmallNavMargin\">Terrazzu, brend vanjskog namje\u0161taja, osnovali su Dean i Marina 2021. godine u primorskom gradu Puli u Hrvatskoj. Vo\u0111eni su idejom da stvore vanjski namje\u0161taj kao mjesto u\u017eivanja i okupljanja, koja podi\u017ee vanjski prostor, a pritom ostaje u ravnote\u017ei sa svojim prirodnim okru\u017eenjem.<\/p>\n<\/div>\n\n\n\n<div class=\"wp-block-group alignfull has-base-2-background-color has-background has-global-padding is-layout-constrained wp-block-group-is-layout-constrained\">\n<div class=\"wp-block-group has-global-padding is-layout-constrained wp-block-group-is-layout-constrained\">\n<p class=\"DownMargin OurMission has-custom-white-color has-text-color has-link-color wp-elements-b42dc777df0afb88d7a21407c7d35e01\">NA\u0160A MISIJA<\/p>\n\n\n\n<h2 class=\"wp-block-heading ProductNameH2 width1370 has-custom-white-color has-text-color has-link-color wp-elements-967012baeac105dc2ca939a141c96fe3\">Stvoriti kuhinje koje bilje\u017ee tradiciju u\u017eivanja u Mediteranu i nagla\u0161avaju ljepotu njegovog prirodnog okru\u017eenja.<\/h2>\n\n\n\n<figure class=\"wp-block-image size-full TerrazzaTeamImg ticss-69202a28\"><img decoding=\"async\" src=\"data:image\/gif;base64,R0lGODlhAQABAIAAAAAAAP\/\/\/yH5BAEAAAAALAAAAAABAAEAAAIBRAA7\" data-src=\"https:\/\/terrazza.hr\/wp-content\/uploads\/2024\/11\/terrazza-about-us-2-1.jpg\" alt=\"\" class=\"wp-image-1132 lazyload\"\/><noscript><img decoding=\"async\" width=\"1920\" height=\"1280\" src=\"https:\/\/terrazza.hr\/wp-content\/uploads\/2024\/11\/terrazza-about-us-2-1.jpg\" alt=\"\" class=\"wp-image-1132 lazyload\" srcset=\"https:\/\/terrazza.hr\/wp-content\/uploads\/2024\/11\/terrazza-about-us-2-1.jpg 1920w, https:\/\/terrazza.hr\/wp-content\/uploads\/2024\/11\/terrazza-about-us-2-1-300x200.jpg 300w, https:\/\/terrazza.hr\/wp-content\/uploads\/2024\/11\/terrazza-about-us-2-1-1024x683.jpg 1024w, https:\/\/terrazza.hr\/wp-content\/uploads\/2024\/11\/terrazza-about-us-2-1-768x512.jpg 768w, https:\/\/terrazza.hr\/wp-content\/uploads\/2024\/11\/terrazza-about-us-2-1-1536x1024.jpg 1536w\" sizes=\"(max-width: 1920px) 100vw, 1920px\" \/><\/noscript><\/figure>\n<\/div>\n<\/div>\n\n\n\n<div class=\"wp-block-columns DownMargin is-layout-flex wp-container-core-columns-is-layout-8eafb21d wp-block-columns-is-layout-flex\" style=\"margin-top:0px\">\n<div class=\"wp-block-column is-vertically-aligned-top AboutColumn ticss-434da3b3 is-layout-flow wp-block-column-is-layout-flow\">\n<div class=\"wp-block-group has-global-padding is-layout-constrained wp-block-group-is-layout-constrained\">\n<p class=\"SmallNavMargin\" style=\"padding-bottom:var(--wp--preset--spacing--60)\">MAJSTORSTVO<\/p>\n\n\n\n<p>Strast prema prirodnim materijalima i umije\u0107u izrade te predanost majstorstvu nezamjenjivi su sastojci za proizvodnju visokokvalitetnih drvenih proizvoda. Za Terrazzu, umije\u0107e je oblik intimne veze s materijalom i prakti\u010dnog znanja koje izvla\u010di potencijal materijala iz sr\u017ei.<\/p>\n<\/div>\n\n\n\n<figure class=\"wp-block-image size-large SmallNavMargin\"><img decoding=\"async\" src=\"data:image\/gif;base64,R0lGODlhAQABAIAAAAAAAP\/\/\/yH5BAEAAAAALAAAAAABAAEAAAIBRAA7\" data-src=\"https:\/\/terrazza.hr\/wp-content\/uploads\/2024\/11\/terrazza-about-us-3-683x1024.jpg\" alt=\"\" class=\"wp-image-665 lazyload\"\/><noscript><img decoding=\"async\" width=\"683\" height=\"1024\" src=\"https:\/\/terrazza.hr\/wp-content\/uploads\/2024\/11\/terrazza-about-us-3-683x1024.jpg\" alt=\"\" class=\"wp-image-665 lazyload\" srcset=\"https:\/\/terrazza.hr\/wp-content\/uploads\/2024\/11\/terrazza-about-us-3-683x1024.jpg 683w, https:\/\/terrazza.hr\/wp-content\/uploads\/2024\/11\/terrazza-about-us-3-200x300.jpg 200w, https:\/\/terrazza.hr\/wp-content\/uploads\/2024\/11\/terrazza-about-us-3-768x1152.jpg 768w, https:\/\/terrazza.hr\/wp-content\/uploads\/2024\/11\/terrazza-about-us-3-1024x1536.jpg 1024w, https:\/\/terrazza.hr\/wp-content\/uploads\/2024\/11\/terrazza-about-us-3.jpg 1280w\" sizes=\"(max-width: 683px) 100vw, 683px\" \/><\/noscript><\/figure>\n<\/div>\n\n\n\n<div class=\"wp-block-column is-vertically-aligned-stretch AboutColumn is-layout-flow wp-block-column-is-layout-flow\">\n<div class=\"wp-block-group has-global-padding is-layout-constrained wp-block-group-is-layout-constrained\">\n<p class=\"SmallNavMargin\" style=\"padding-bottom:var(--wp--preset--spacing--60)\">DIZAJN<\/p>\n\n\n\n<p>Rije\u010d je o ovom kreativnom i izazovnom pothvatu, usmjerenom na kombiniranje razli\u010ditih aspekata uspje\u0161nog proizvoda: tehni\u010dki potencijal, inovativnost, funkcija i ergonomija s bezvremenskom estetikom koja stimulira osjetila i nagla\u0161ava sirovu ljepotu prirodnih materijala.<\/p>\n<\/div>\n\n\n\n<figure class=\"wp-block-image size-large SmallNavMargin\"><img decoding=\"async\" src=\"data:image\/gif;base64,R0lGODlhAQABAIAAAAAAAP\/\/\/yH5BAEAAAAALAAAAAABAAEAAAIBRAA7\" data-src=\"https:\/\/terrazza.hr\/wp-content\/uploads\/2024\/11\/terrazza-about-us-4-683x1024.jpg\" alt=\"\" class=\"wp-image-667 lazyload\"\/><noscript><img decoding=\"async\" width=\"683\" height=\"1024\" src=\"https:\/\/terrazza.hr\/wp-content\/uploads\/2024\/11\/terrazza-about-us-4-683x1024.jpg\" alt=\"\" class=\"wp-image-667 lazyload\" srcset=\"https:\/\/terrazza.hr\/wp-content\/uploads\/2024\/11\/terrazza-about-us-4-683x1024.jpg 683w, https:\/\/terrazza.hr\/wp-content\/uploads\/2024\/11\/terrazza-about-us-4-200x300.jpg 200w, https:\/\/terrazza.hr\/wp-content\/uploads\/2024\/11\/terrazza-about-us-4-768x1152.jpg 768w, https:\/\/terrazza.hr\/wp-content\/uploads\/2024\/11\/terrazza-about-us-4-1024x1536.jpg 1024w, https:\/\/terrazza.hr\/wp-content\/uploads\/2024\/11\/terrazza-about-us-4.jpg 1280w\" sizes=\"(max-width: 683px) 100vw, 683px\" \/><\/noscript><\/figure>\n<\/div>\n<\/div>\n","protected":false},"excerpt":{"rendered":"<p>Nakon godina vo\u0111enja obiteljskog obrta za obradu drva, opremljeni iskustvom i stra\u0161\u0107u prema obradi drva, odlu\u010dili su osnovati brend vanjskog namje\u0161taja koja \u0107e isporu\u010divati \u200b\u200bvisokokvalitetna, odr\u017eiva rje\u0161enja izra\u0111ena od prirodnih materijala lokalnog porijekla. Terrazzu, brend vanjskog namje\u0161taja, osnovali su Dean i Marina 2021. godine u primorskom gradu Puli u Hrvatskoj. Vo\u0111eni su idejom da stvore [&hellip;]<\/p>\n","protected":false},"author":1,"featured_media":0,"parent":0,"menu_order":0,"comment_status":"closed","ping_status":"closed","template":"page-no-title","meta":{"_themeisle_gutenberg_block_has_review":false,"footnotes":""},"class_list":["post-984","page","type-page","status-publish","hentry"],"_links":{"self":[{"href":"https:\/\/terrazza.hr\/hr\/wp-json\/wp\/v2\/pages\/984","targetHints":{"allow":["GET"]}}],"collection":[{"href":"https:\/\/terrazza.hr\/hr\/wp-json\/wp\/v2\/pages"}],"about":[{"href":"https:\/\/terrazza.hr\/hr\/wp-json\/wp\/v2\/types\/page"}],"author":[{"embeddable":true,"href":"https:\/\/terrazza.hr\/hr\/wp-json\/wp\/v2\/users\/1"}],"replies":[{"embeddable":true,"href":"https:\/\/terrazza.hr\/hr\/wp-json\/wp\/v2\/comments?post=984"}],"version-history":[{"count":21,"href":"https:\/\/terrazza.hr\/hr\/wp-json\/wp\/v2\/pages\/984\/revisions"}],"predecessor-version":[{"id":2260,"href":"https:\/\/terrazza.hr\/hr\/wp-json\/wp\/v2\/pages\/984\/revisions\/2260"}],"wp:attachment":[{"href":"https:\/\/terrazza.hr\/hr\/wp-json\/wp\/v2\/media?parent=984"}],"curies":[{"name":"wp","href":"https:\/\/api.w.org\/{rel}","templated":true}]}}