{"id":471,"date":"2024-10-09T10:06:27","date_gmt":"2024-10-09T08:06:27","guid":{"rendered":"https:\/\/terrazza.hr\/?page_id=471"},"modified":"2025-09-23T23:07:30","modified_gmt":"2025-09-23T21:07:30","slug":"homepage","status":"publish","type":"page","link":"https:\/\/terrazza.hr\/hr\/","title":{"rendered":"Naslovna"},"content":{"rendered":"\n<figure class=\"wp-block-video alignfull ticss-fa444161 HomeVideo\"><video class=\"lazyload\" height=\"1080\" style=\"aspect-ratio: 1920 \/ 1080;\" width=\"1920\" autoplay loop muted data-src=\"https:\/\/terrazza.hr\/wp-content\/uploads\/2024\/11\/terrazza-video-optimized-1.mp4\" playsinline><\/video><\/figure>\n\n\n\n<div class=\"wp-block-group SmallNavMargin HomeIntroText has-global-padding is-layout-constrained wp-block-group-is-layout-constrained\" style=\"margin-bottom:var(--wp--preset--spacing--60)\">\n<p class=\"has-hot-sans-font-family\">MI SMO TERRAZZA<\/p>\n\n\n\n<h2 class=\"wp-block-heading ProductNameH2 width1370 has-punta-font-family\" style=\"margin-top:0px\">&amp; Stvaramo vanjski namje\u0161taj nadahnut tradicijom mediteranskog u\u017eivanja. Na\u0161i proizvodi unose u va\u0161e prostore bezvremensku ljepotu Mediterana, stvaraju\u0107i ugodan ambijent za u\u017eivanje na otvorenom.<\/h2>\n\n\n\n<div class=\"wp-block-buttons is-layout-flex wp-block-buttons-is-layout-flex\" style=\"margin-top:60px\">\n<div class=\"wp-block-button\"><a class=\"wp-block-button__link has-base-color has-contrast-3-background-color has-text-color has-background has-link-color has-custom-font-size wp-element-button\" href=\"https:\/\/konfigurator.terrazza.hr\/steps\/terrazza\/undefined\/shopping-cart-step\/configurator-step\/series-select-step\" style=\"border-radius:0px;padding-top:var(--wp--preset--spacing--10);padding-bottom:var(--wp--preset--spacing--10);font-size:clamp(15.747px, 0.984rem + ((1vw - 3.2px) * 0.516), 24px);\">Konfiguriraj<\/a><\/div>\n<\/div>\n<\/div>\n\n\n\n<div class=\"wp-block-group Products UpMargin DownMargin ticss-abe03ab7 has-global-padding is-layout-constrained wp-block-group-is-layout-constrained\">\n<p>NA\u0160I PROIZVODI<\/p>\n\n\n\n<div class=\"wp-block-group has-global-padding is-layout-constrained wp-block-group-is-layout-constrained\" style=\"margin-top:10px\">\n<figure class=\"wp-block-image size-full LimoniPhoto\"><img decoding=\"async\" src=\"data:image\/gif;base64,R0lGODlhAQABAIAAAAAAAP\/\/\/yH5BAEAAAAALAAAAAABAAEAAAIBRAA7\" data-src=\"https:\/\/terrazza.hr\/wp-content\/uploads\/2025\/06\/terrazza-limoni-06-2025.jpg\" alt=\"\" class=\"wp-image-2016 lazyload\"\/><noscript><img decoding=\"async\" width=\"1920\" height=\"1280\" src=\"https:\/\/terrazza.hr\/wp-content\/uploads\/2025\/06\/terrazza-limoni-06-2025.jpg\" alt=\"\" class=\"wp-image-2016 lazyload\" srcset=\"https:\/\/terrazza.hr\/wp-content\/uploads\/2025\/06\/terrazza-limoni-06-2025.jpg 1920w, https:\/\/terrazza.hr\/wp-content\/uploads\/2025\/06\/terrazza-limoni-06-2025-300x200.jpg 300w, https:\/\/terrazza.hr\/wp-content\/uploads\/2025\/06\/terrazza-limoni-06-2025-1024x683.jpg 1024w, https:\/\/terrazza.hr\/wp-content\/uploads\/2025\/06\/terrazza-limoni-06-2025-768x512.jpg 768w, https:\/\/terrazza.hr\/wp-content\/uploads\/2025\/06\/terrazza-limoni-06-2025-1536x1024.jpg 1536w\" sizes=\"(max-width: 1920px) 100vw, 1920px\" \/><\/noscript><\/figure>\n\n\n\n<div class=\"wp-block-group is-content-justification-space-between is-nowrap is-layout-flex wp-container-core-group-is-layout-cb46ffcb wp-block-group-is-layout-flex\">\n<h2 class=\"wp-block-heading ProductNameH2\"><a href=\"https:\/\/terrazza.hr\/hr\/limoni-kitchen\/\" data-type=\"link\" data-id=\"https:\/\/terrazza.hr\/hr\/limoni-kitchen\/\">Limoni kolekcija<\/a><\/h2>\n\n\n\n<figure class=\"wp-block-image size-full Arrow\"><a href=\"https:\/\/terrazza.hr\/hr\/limoni-kitchen\/\"><img decoding=\"async\" src=\"data:image\/gif;base64,R0lGODlhAQABAIAAAAAAAP\/\/\/yH5BAEAAAAALAAAAAABAAEAAAIBRAA7\" data-src=\"https:\/\/terrazza.hr\/wp-content\/uploads\/2024\/10\/Shape.svg\" alt=\"\" class=\"wp-image-427 lazyload\"\/><noscript><img decoding=\"async\" width=\"61\" height=\"60\" src=\"https:\/\/terrazza.hr\/wp-content\/uploads\/2024\/10\/Shape.svg\" alt=\"\" class=\"wp-image-427 lazyload\"\/><\/noscript><\/a><\/figure>\n<\/div>\n\n\n\n<div class=\"wp-block-columns DetailsColumns MainDetailColumns ticss-3946a726 is-layout-flex wp-container-core-columns-is-layout-28f84493 wp-block-columns-is-layout-flex\">\n<div class=\"wp-block-column is-layout-flow wp-block-column-is-layout-flow\" style=\"flex-basis:50%\">\n<hr class=\"wp-block-separator has-alpha-channel-opacity Separator ticss-42623a7b\"\/>\n\n\n\n<p>Vanjska kuhinja<\/p>\n<\/div>\n\n\n\n<div class=\"wp-block-column is-layout-flow wp-block-column-is-layout-flow\" style=\"flex-basis:50%\">\n<hr class=\"wp-block-separator has-alpha-channel-opacity Separator ticss-42623a7b\"\/>\n\n\n\n<p>Izra\u0111ena od nehr\u0111aju\u0107eg \u010delika, prilago\u0111ena svim vremenskim uvjetima.\u2028<br>Dostupna u tri osnovne \u0161irine.\u2028<br>Ugradbeni aparati.<\/p>\n<\/div>\n<\/div>\n\n\n\n<div class=\"wp-block-columns DetailsColumns MainDetailColumns ticss-3946a726 is-layout-flex wp-container-core-columns-is-layout-28f84493 wp-block-columns-is-layout-flex\">\n<div class=\"wp-block-column is-layout-flow wp-block-column-is-layout-flow\" style=\"flex-basis:50%\">\n<p>Kolica<\/p>\n<\/div>\n\n\n\n<div class=\"wp-block-column is-layout-flow wp-block-column-is-layout-flow\" style=\"flex-basis:50%\">\n<p>Izra\u0111ena od visokokvalitetnog nehr\u0111aju\u0107eg \u010delika, s prostranom pripremnom povr\u0161inom.<br>Integrirana daska za rezanje od jasenova drva.<br>Posebni pretinci za pohranu namirnica i potrep\u0161tina.<\/p>\n<\/div>\n<\/div>\n<\/div>\n\n\n\n<div class=\"wp-block-columns Products2and3 ticss-14053ce6 is-layout-flex wp-container-core-columns-is-layout-a34a4e29 wp-block-columns-is-layout-flex\">\n<div class=\"wp-block-column is-layout-flow wp-block-column-is-layout-flow\" style=\"flex-basis:67%\">\n<div class=\"wp-block-group has-global-padding is-layout-constrained wp-block-group-is-layout-constrained\">\n<figure class=\"wp-block-image size-full SolPhoto\"><img decoding=\"async\" src=\"data:image\/gif;base64,R0lGODlhAQABAIAAAAAAAP\/\/\/yH5BAEAAAAALAAAAAABAAEAAAIBRAA7\" data-src=\"https:\/\/terrazza.hr\/wp-content\/uploads\/2025\/06\/terrazza-sol-06-2025.jpg\" alt=\"\" class=\"wp-image-2022 lazyload\" style=\"aspect-ratio:4\/3;object-fit:cover\"\/><noscript><img decoding=\"async\" width=\"1920\" height=\"1280\" src=\"https:\/\/terrazza.hr\/wp-content\/uploads\/2025\/06\/terrazza-sol-06-2025.jpg\" alt=\"\" class=\"wp-image-2022 lazyload\" style=\"aspect-ratio:4\/3;object-fit:cover\" srcset=\"https:\/\/terrazza.hr\/wp-content\/uploads\/2025\/06\/terrazza-sol-06-2025.jpg 1920w, https:\/\/terrazza.hr\/wp-content\/uploads\/2025\/06\/terrazza-sol-06-2025-300x200.jpg 300w, https:\/\/terrazza.hr\/wp-content\/uploads\/2025\/06\/terrazza-sol-06-2025-1024x683.jpg 1024w, https:\/\/terrazza.hr\/wp-content\/uploads\/2025\/06\/terrazza-sol-06-2025-768x512.jpg 768w, https:\/\/terrazza.hr\/wp-content\/uploads\/2025\/06\/terrazza-sol-06-2025-1536x1024.jpg 1536w\" sizes=\"(max-width: 1920px) 100vw, 1920px\" \/><\/noscript><\/figure>\n\n\n\n<div class=\"wp-block-group is-content-justification-space-between is-nowrap is-layout-flex wp-container-core-group-is-layout-cb46ffcb wp-block-group-is-layout-flex\">\n<h2 class=\"wp-block-heading ProductNameH2\"><a href=\"https:\/\/terrazza.hr\/hr\/sol-kitchen\/\" data-type=\"link\" data-id=\"https:\/\/terrazza.hr\/hr\/sol-kitchen\/\">Sol<\/a><\/h2>\n\n\n\n<figure class=\"wp-block-image size-full Arrow\"><a href=\"https:\/\/terrazza.hr\/hr\/sol-kitchen\/\"><img decoding=\"async\" src=\"data:image\/gif;base64,R0lGODlhAQABAIAAAAAAAP\/\/\/yH5BAEAAAAALAAAAAABAAEAAAIBRAA7\" data-src=\"https:\/\/terrazza.hr\/wp-content\/uploads\/2024\/10\/Shape.svg\" alt=\"\" class=\"wp-image-427 lazyload\"\/><noscript><img decoding=\"async\" width=\"61\" height=\"60\" src=\"https:\/\/terrazza.hr\/wp-content\/uploads\/2024\/10\/Shape.svg\" alt=\"\" class=\"wp-image-427 lazyload\"\/><\/noscript><\/a><\/figure>\n<\/div>\n\n\n\n<div class=\"wp-block-columns DetailsColumns ticss-62e35a1a is-layout-flex wp-container-core-columns-is-layout-28f84493 wp-block-columns-is-layout-flex\">\n<div class=\"wp-block-column is-layout-flow wp-block-column-is-layout-flow\" style=\"flex-basis:50%\">\n<hr class=\"wp-block-separator has-alpha-channel-opacity Separator ticss-42623a7b\"\/>\n\n\n\n<p>Vanjska kuhinja<\/p>\n<\/div>\n\n\n\n<div class=\"wp-block-column is-layout-flow wp-block-column-is-layout-flow\" style=\"flex-basis:50%\">\n<hr class=\"wp-block-separator has-alpha-channel-opacity Separator ticss-42623a7b\"\/>\n\n\n\n<p>Modularna kuhinja, 7 modula.\u2028<br>Izra\u0111ena od hrasta i istarskog kamena.\u2028<br>Ugradbeni aparati.<\/p>\n<\/div>\n<\/div>\n<\/div>\n<\/div>\n\n\n\n<div class=\"wp-block-column is-layout-flow wp-block-column-is-layout-flow\" style=\"flex-basis:33%\">\n<div class=\"wp-block-group has-global-padding is-layout-constrained wp-block-group-is-layout-constrained\">\n<figure class=\"wp-block-image size-full MilkmePhoto\"><a href=\"https:\/\/terrazza.hr\/hr\/milkme-stool\/\"><img decoding=\"async\" src=\"data:image\/gif;base64,R0lGODlhAQABAIAAAAAAAP\/\/\/yH5BAEAAAAALAAAAAABAAEAAAIBRAA7\" data-src=\"https:\/\/terrazza.hr\/wp-content\/uploads\/2024\/11\/terrazza-milkme-7-edited.jpg\" alt=\"\" class=\"wp-image-729 lazyload\"\/><noscript><img decoding=\"async\" width=\"1280\" height=\"960\" src=\"https:\/\/terrazza.hr\/wp-content\/uploads\/2024\/11\/terrazza-milkme-7-edited.jpg\" alt=\"\" class=\"wp-image-729 lazyload\" srcset=\"https:\/\/terrazza.hr\/wp-content\/uploads\/2024\/11\/terrazza-milkme-7-edited.jpg 1280w, https:\/\/terrazza.hr\/wp-content\/uploads\/2024\/11\/terrazza-milkme-7-edited-300x225.jpg 300w, https:\/\/terrazza.hr\/wp-content\/uploads\/2024\/11\/terrazza-milkme-7-edited-1024x768.jpg 1024w, https:\/\/terrazza.hr\/wp-content\/uploads\/2024\/11\/terrazza-milkme-7-edited-768x576.jpg 768w\" sizes=\"(max-width: 1280px) 100vw, 1280px\" \/><\/noscript><\/a><\/figure>\n\n\n\n<div class=\"wp-block-group is-content-justification-space-between is-nowrap is-layout-flex wp-container-core-group-is-layout-cb46ffcb wp-block-group-is-layout-flex\">\n<h2 class=\"wp-block-heading ProductNameH2\"><a href=\"https:\/\/terrazza.hr\/hr\/milkme-stool\/\" data-type=\"link\" data-id=\"https:\/\/terrazza.hr\/hr\/milkme-stool\/\">MILKme<\/a><\/h2>\n\n\n\n<figure class=\"wp-block-image size-full Arrow\"><a href=\"https:\/\/terrazza.hr\/hr\/milkme-stool\/\"><img decoding=\"async\" src=\"data:image\/gif;base64,R0lGODlhAQABAIAAAAAAAP\/\/\/yH5BAEAAAAALAAAAAABAAEAAAIBRAA7\" data-src=\"https:\/\/terrazza.hr\/wp-content\/uploads\/2024\/10\/Shape.svg\" alt=\"\" class=\"wp-image-427 lazyload\"\/><noscript><img decoding=\"async\" width=\"61\" height=\"60\" src=\"https:\/\/terrazza.hr\/wp-content\/uploads\/2024\/10\/Shape.svg\" alt=\"\" class=\"wp-image-427 lazyload\"\/><\/noscript><\/a><\/figure>\n<\/div>\n\n\n\n<div class=\"wp-block-columns DetailsColumns is-layout-flex wp-container-core-columns-is-layout-28f84493 wp-block-columns-is-layout-flex\">\n<div class=\"wp-block-column is-layout-flow wp-block-column-is-layout-flow\" style=\"flex-basis:50%\">\n<hr class=\"wp-block-separator has-alpha-channel-opacity Separator ticss-42623a7b\"\/>\n\n\n\n<p>Stolica<\/p>\n<\/div>\n\n\n\n<div class=\"wp-block-column is-layout-flow wp-block-column-is-layout-flow\" style=\"flex-basis:50%\">\n<hr class=\"wp-block-separator has-alpha-channel-opacity Separator ticss-42623a7b\"\/>\n\n\n\n<p>Hrast sa detaljima mesinga.<br>Mogu\u0107nost slaganja.<\/p>\n<\/div>\n<\/div>\n<\/div>\n<\/div>\n<\/div>\n<\/div>\n\n\n\n<div class=\"wp-block-group alignfull has-base-2-background-color has-background has-global-padding is-layout-constrained wp-block-group-is-layout-constrained\" style=\"padding-top:var(--wp--preset--spacing--30);padding-bottom:var(--wp--preset--spacing--30)\">\n<div class=\"wp-block-columns is-not-stacked-on-mobile is-layout-flex wp-container-core-columns-is-layout-28f84493 wp-block-columns-is-layout-flex\">\n<div class=\"wp-block-column is-layout-flow wp-block-column-is-layout-flow\">\n<p class=\"has-custom-white-color has-text-color has-link-color wp-elements-4658187fc8ae122a3c0204a61d9cbad9\">NA\u0160A PRI\u010cA<\/p>\n<\/div>\n\n\n\n<div class=\"wp-block-column is-layout-flow wp-block-column-is-layout-flow\">\n<figure class=\"wp-block-image alignright size-medium ticss-6ce735a8 OurStoryPhoto\"><img decoding=\"async\" src=\"data:image\/gif;base64,R0lGODlhAQABAIAAAAAAAP\/\/\/yH5BAEAAAAALAAAAAABAAEAAAIBRAA7\" data-src=\"https:\/\/terrazza.hr\/wp-content\/uploads\/2024\/11\/our-story-homepage-300x226.png\" alt=\"\" class=\"wp-image-553 lazyload\"\/><noscript><img decoding=\"async\" width=\"300\" height=\"226\" src=\"https:\/\/terrazza.hr\/wp-content\/uploads\/2024\/11\/our-story-homepage-300x226.png\" alt=\"\" class=\"wp-image-553 lazyload\" srcset=\"https:\/\/terrazza.hr\/wp-content\/uploads\/2024\/11\/our-story-homepage-300x226.png 300w, https:\/\/terrazza.hr\/wp-content\/uploads\/2024\/11\/our-story-homepage.png 479w\" sizes=\"(max-width: 300px) 100vw, 300px\" \/><\/noscript><\/figure>\n<\/div>\n<\/div>\n\n\n\n<div class=\"wp-block-columns UpMargin OurStoryColumns ticss-63d2d41a is-layout-flex wp-container-core-columns-is-layout-28f84493 wp-block-columns-is-layout-flex\">\n<div class=\"wp-block-column is-layout-flow wp-block-column-is-layout-flow\" style=\"flex-basis:80%\">\n<h2 class=\"wp-block-heading width1370 ProductNameH2 has-custom-white-color has-text-color has-link-color wp-elements-186c4bd8c0cafe46187b9b0cce78e49f\">Na\u0161a pri\u010da proiza\u0161la je iz strasti prema zanatu i mediteranskim tradicijama. Stvorili smo brend namijenjen vanjskim prostorima, fokusiraju\u0107i se na visoko kvalitetna i odr\u017eiva rje\u0161enja izra\u0111ena od lokalno nabavljenih materijala, spajaju\u0107i majstorsku obradu s esencijom mediteranskog u\u017eivanja.<\/h2>\n<\/div>\n\n\n\n<div class=\"wp-block-column is-layout-flow wp-block-column-is-layout-flow\" style=\"flex-basis:20%\">\n<figure class=\"wp-block-image alignright size-full Arrow wp-container-content-6b166158 wp-duotone-ffffff-ffffff-1\"><a href=\"https:\/\/terrazza.hr\/hr\/about\/\"><img decoding=\"async\" src=\"data:image\/gif;base64,R0lGODlhAQABAIAAAAAAAP\/\/\/yH5BAEAAAAALAAAAAABAAEAAAIBRAA7\" data-src=\"https:\/\/terrazza.hr\/wp-content\/uploads\/2024\/10\/Shape.svg\" alt=\"\" class=\"wp-image-427 lazyload\" style=\"object-fit:cover\"\/><noscript><img decoding=\"async\" width=\"61\" height=\"60\" src=\"https:\/\/terrazza.hr\/wp-content\/uploads\/2024\/10\/Shape.svg\" alt=\"\" class=\"wp-image-427 lazyload\" style=\"object-fit:cover\"\/><\/noscript><\/a><\/figure>\n<\/div>\n<\/div>\n<\/div>\n\n\n\n<figure class=\"wp-block-image alignfull size-full RemoveTopMargin ticss-4f187fd7 HomeLastPhoto\"><img decoding=\"async\" src=\"data:image\/gif;base64,R0lGODlhAQABAIAAAAAAAP\/\/\/yH5BAEAAAAALAAAAAABAAEAAAIBRAA7\" data-src=\"https:\/\/terrazza.hr\/wp-content\/uploads\/2024\/11\/terrazza-our-story-3-1.jpg\" alt=\"\" class=\"wp-image-740 lazyload\" title=\"\"\/><noscript><img decoding=\"async\" width=\"1920\" height=\"1279\" src=\"https:\/\/terrazza.hr\/wp-content\/uploads\/2024\/11\/terrazza-our-story-3-1.jpg\" alt=\"\" class=\"wp-image-740 lazyload\" title=\"\" srcset=\"https:\/\/terrazza.hr\/wp-content\/uploads\/2024\/11\/terrazza-our-story-3-1.jpg 1920w, https:\/\/terrazza.hr\/wp-content\/uploads\/2024\/11\/terrazza-our-story-3-1-300x200.jpg 300w, https:\/\/terrazza.hr\/wp-content\/uploads\/2024\/11\/terrazza-our-story-3-1-1024x682.jpg 1024w, https:\/\/terrazza.hr\/wp-content\/uploads\/2024\/11\/terrazza-our-story-3-1-768x512.jpg 768w, https:\/\/terrazza.hr\/wp-content\/uploads\/2024\/11\/terrazza-our-story-3-1-1536x1023.jpg 1536w\" sizes=\"(max-width: 1920px) 100vw, 1920px\" \/><\/noscript><\/figure>\n\n\n\n<div class=\"wp-block-group UpMargin has-global-padding is-layout-constrained wp-block-group-is-layout-constrained\" style=\"margin-top:-12px;margin-bottom:var(--wp--preset--spacing--30)\">\n<p>KONTAKTIRAJTE NAS<\/p>\n\n\n\n<p class=\"width920\">Tra\u017eite novu kuhinju ili \u017eelite saznati vi\u0161e o na\u0161im rje\u0161enjima? Slobodno nam se obratite, rado \u0107emo vam pomo\u0107i! Nudimo profesionalne konzultacije i simulacije kuhinja prilago\u0111ene va\u0161im specifi\u010dnim potrebama i prostoru.<\/p>\n\n\n\n<p style=\"text-decoration:underline\"><a href=\"https:\/\/terrazza.hr\/hr\/contact\/\" data-type=\"link\" data-id=\"https:\/\/terrazza.hr\/hr\/contact\/\">Po\u0161aljite nam poruku<\/a><\/p>\n<\/div>\n","protected":false},"excerpt":{"rendered":"<p>MI SMO TERRAZZA &amp; Stvaramo vanjski namje\u0161taj nadahnut tradicijom mediteranskog u\u017eivanja. Na\u0161i proizvodi unose u va\u0161e prostore bezvremensku ljepotu Mediterana, stvaraju\u0107i ugodan ambijent za u\u017eivanje na otvorenom. NA\u0160I PROIZVODI Limoni kolekcija Vanjska kuhinja Izra\u0111ena od nehr\u0111aju\u0107eg \u010delika, prilago\u0111ena svim vremenskim uvjetima.\u2028Dostupna u tri osnovne \u0161irine.\u2028Ugradbeni aparati. Kolica Izra\u0111ena od visokokvalitetnog nehr\u0111aju\u0107eg \u010delika, s prostranom pripremnom [&hellip;]<\/p>\n","protected":false},"author":1,"featured_media":0,"parent":0,"menu_order":0,"comment_status":"closed","ping_status":"closed","template":"page-no-title","meta":{"_themeisle_gutenberg_block_has_review":false,"footnotes":""},"class_list":["post-471","page","type-page","status-publish","hentry"],"_links":{"self":[{"href":"https:\/\/terrazza.hr\/hr\/wp-json\/wp\/v2\/pages\/471","targetHints":{"allow":["GET"]}}],"collection":[{"href":"https:\/\/terrazza.hr\/hr\/wp-json\/wp\/v2\/pages"}],"about":[{"href":"https:\/\/terrazza.hr\/hr\/wp-json\/wp\/v2\/types\/page"}],"author":[{"embeddable":true,"href":"https:\/\/terrazza.hr\/hr\/wp-json\/wp\/v2\/users\/1"}],"replies":[{"embeddable":true,"href":"https:\/\/terrazza.hr\/hr\/wp-json\/wp\/v2\/comments?post=471"}],"version-history":[{"count":83,"href":"https:\/\/terrazza.hr\/hr\/wp-json\/wp\/v2\/pages\/471\/revisions"}],"predecessor-version":[{"id":2236,"href":"https:\/\/terrazza.hr\/hr\/wp-json\/wp\/v2\/pages\/471\/revisions\/2236"}],"wp:attachment":[{"href":"https:\/\/terrazza.hr\/hr\/wp-json\/wp\/v2\/media?parent=471"}],"curies":[{"name":"wp","href":"https:\/\/api.w.org\/{rel}","templated":true}]}}