{"id":1689,"date":"2024-11-25T11:15:29","date_gmt":"2024-11-25T10:15:29","guid":{"rendered":"https:\/\/terrazza.hr\/funded-by-eu\/"},"modified":"2025-12-13T22:03:31","modified_gmt":"2025-12-13T21:03:31","slug":"funded-by-eu","status":"publish","type":"page","link":"https:\/\/terrazza.hr\/hr\/funded-by-eu\/","title":{"rendered":"Financira EU"},"content":{"rendered":"\n<figure class=\"wp-block-image size-full is-resized\"><img decoding=\"async\" src=\"data:image\/gif;base64,R0lGODlhAQABAIAAAAAAAP\/\/\/yH5BAEAAAAALAAAAAABAAEAAAIBRAA7\" data-src=\"https:\/\/terrazza.hr\/wp-content\/uploads\/2024\/11\/HR_Financira_Europska_unija_RGB_POS-1-edited.png\" alt=\"\" class=\"wp-image-1722 lazyload\" style=\"width:300px\"\/><noscript><img decoding=\"async\" width=\"3184\" height=\"897\" src=\"https:\/\/terrazza.hr\/wp-content\/uploads\/2024\/11\/HR_Financira_Europska_unija_RGB_POS-1-edited.png\" alt=\"\" class=\"wp-image-1722 lazyload\" style=\"width:300px\" srcset=\"https:\/\/terrazza.hr\/wp-content\/uploads\/2024\/11\/HR_Financira_Europska_unija_RGB_POS-1-edited.png 3184w, https:\/\/terrazza.hr\/wp-content\/uploads\/2024\/11\/HR_Financira_Europska_unija_RGB_POS-1-edited-300x85.png 300w, https:\/\/terrazza.hr\/wp-content\/uploads\/2024\/11\/HR_Financira_Europska_unija_RGB_POS-1-edited-1024x288.png 1024w, https:\/\/terrazza.hr\/wp-content\/uploads\/2024\/11\/HR_Financira_Europska_unija_RGB_POS-1-edited-768x216.png 768w, https:\/\/terrazza.hr\/wp-content\/uploads\/2024\/11\/HR_Financira_Europska_unija_RGB_POS-1-edited-1536x433.png 1536w, https:\/\/terrazza.hr\/wp-content\/uploads\/2024\/11\/HR_Financira_Europska_unija_RGB_POS-1-edited-2048x577.png 2048w\" sizes=\"(max-width: 3184px) 100vw, 3184px\" \/><\/noscript><\/figure>\n\n\n\n<p class=\"ticss-24ccdeb0\" style=\"padding-top:var(--wp--preset--spacing--30)\"><strong>Naziv projekta:<\/strong> Internacionalizacija poduze\u0107a Studio produkt d.o.o. kroz predstavljanje proizvoda na me\u0111unarodnim sajmovima<\/p>\n\n\n\n<p><strong>Naziv poziva na dostavu projektnih prijedloga:<\/strong> Potpora MSP-ovima za internacionalizaciju<\/p>\n\n\n\n<p><strong>Referentni broj poziva:<\/strong> PK.1.3.10<\/p>\n\n\n\n<p><strong>Kod projekta:<\/strong> PK.1.3.10.0059<\/p>\n\n\n\n<p><strong>Kratki opis projekta:<\/strong> Projekt \u201eInternacionalizacija proizvoda Studio Produkt d.o.o. kroz nastup na me\u0111unarodnim sajmovima\u201c usmjeren je na ja\u010danje me\u0111unarodne konkurentnosti poduze\u0107a putem izlaska na tr\u017ei\u0161ta Europske unije. Op\u0107i cilj projekta je pozicioniranje proizvoda na inozemnim tr\u017ei\u0161tima, pove\u0107anje izvoznog potencijala i pro\u0161irenje mre\u017ee poslovnih partnera. Sudjelovanjem na me\u0111unarodnim sajmovima poduze\u0107e ostvaruje izravan kontakt s poslovnom publikom, komercijalnu validaciju proizvoda i priliku za pove\u0107anje prihoda od izvoza.&nbsp;<\/p>\n\n\n\n<p>Provedbom projekta osigurava se dugoro\u010dna tr\u017ei\u0161na odr\u017eivost i \u0161irenje poslovanja izvan Republike Hrvatske.<\/p>\n\n\n\n<p><strong>Korisnik projekta:<\/strong> STUDIO PRODUKT d.o.o.<\/p>\n\n\n\n<p><strong>Ukupna vrijednost projekta:<\/strong> 114.919,59 EUR<\/p>\n\n\n\n<p><strong>Ukupno prihvatljivi tro\u0161kovi:<\/strong> 109.365,59 EUR<\/p>\n\n\n\n<p><strong>Iznos EU sufinanciranja:<\/strong> 82.024,19 EUR<\/p>\n\n\n\n<p><strong>Razdoblje provedbe:<\/strong> 01.12.2025. \u2013 01.12.2027. (24 mjeseca)<\/p>\n\n\n\n<p><strong>Kontakt osoba za vi\u0161e informacija:<\/strong> Marina Be\u0161ker Sudari\u0107, <a href=\"mailto:studioprodukt@gmail.com\">studioprodukt@gmail.com<\/a><\/p>\n\n\n\n<div style=\"height:60px\" aria-hidden=\"true\" class=\"wp-block-spacer\"><\/div>\n\n\n\n<hr class=\"wp-block-separator alignwide has-alpha-channel-opacity\"\/>\n\n\n\n<div style=\"height:60px\" aria-hidden=\"true\" class=\"wp-block-spacer\"><\/div>\n\n\n\n<p class=\"o-sticky o-sticky-scope-main-area o-sticky-pos-top o-sticky-bhvr-keep\" style=\"padding-top:0\"><strong>Naziv projekta:<br>Unaprje\u0111enja digitalne spremnosti poduze\u0107a Studio Produkt d.o.o.<\/strong><\/p>\n\n\n\n<p>Kratki opis projekta: <br>Projekt \u201eUnaprje\u0111enje digitalne spremnosti poduze\u0107a Studio produkt d.o.o.\u201c adresira problem digitalne zrelosti Dru\u0161tva. Op\u0107i cilj koji \u0107e se posti\u0107i Projektom je pove\u0107anje konkurentnosti i otpornosti Dru\u0161tva kroz unaprje\u0111enje razine digitalizacije, kori\u0161tenjem digitalnih tehnologija u poslovanju. Ciljne skupine obuhva\u0107ene projektnim aktivnostima su zaposlenici i dobavlja\u010di poduze\u0107a te lokalno i \u0161ire stanovni\u0161tvo (HR, EU). Klju\u010dan rezultat projekta je pove\u0107anje online prisutnosti kroz ulaganje u digitalni marketing, \u010dime \u0107e se doprinijeti ja\u010danju tr\u017ei\u0161ne pozicije i pove\u0107anju konkurentnosti Studio produkt&nbsp;d.o.o.<\/p>\n\n\n\n<p>Korisnik projekta: Studio produkt d.o.o.<\/p>\n\n\n\n<p>Ukupna vrijednost projekta: 12.725, 00 \u20ac<br>Ukupno prihvatljivi izdaci: 5.320,00 \u20ac<br>EU sufinanciranje projekta: 3.192,00 \u20ac<\/p>\n\n\n\n<p>Razdoblje provedbe projekta odvija se u vremenskom periodu od (04.12.2023. \u2013 04.12.2024.) odnosno 12 mjeseci.<\/p>\n\n\n\n<p>Kontakt osoba za vi\u0161e informacija:<br>Dean Sudari\u0107, studioprodukt@gmail.com<br><br>\u201eFinancira Europska unija \u2013 NextGenerationEU. Izneseni stavovi i mi\u0161ljenja samo su autorova i ne odra\u017eavaju nu\u017eno slu\u017ebena stajali\u0161ta Europske unije ili Europske komisije. Ni Europska unija ni Europska komisija ne mogu se smatrati odgovornima za njih.\u201d<\/p>\n\n\n\n<div style=\"height:60px\" aria-hidden=\"true\" class=\"wp-block-spacer\"><\/div>\n\n\n\n<hr class=\"wp-block-separator alignwide has-alpha-channel-opacity\"\/>\n\n\n\n<div style=\"height:60px\" aria-hidden=\"true\" class=\"wp-block-spacer\"><\/div>\n\n\n\n<p><strong>Naziv projekta: <br>Smart modularna vanjska kuhinja<\/strong><br><br>Kratki opis projekta: <br>Projekt SMART modularna vanjska kuhinja adresira problem nedostatka sigurnosti rukovanja kuhinjama za vanjsku uporabu odnosno njihovim elektri\u010dnim komponentama. Op\u0107i cilj koji \u0107e se posti\u0107i provedbom projekta je pove\u0107anje inovativnog kapaciteta poduze\u0107a komercijalizacijom inovativnog proizvoda SMART modularna vanjska kuhinja i inovativne usluge \u2013 Implementacija pametnog sustava upravljanja kuhinjskim elementima. Ciljne skupine obuhva\u0107ene projektnim aktivnostima su zaposlenici i dobavlja\u010di poduze\u0107a Studio Produkt d.o.o. te lokalno i \u0161ire stanovni\u0161tvo (HR i EU). Klju\u010dan rezultat projekta je pove\u0107anje broja proizvoda i usluga spremnih za komercijalizaciju, te \u0107e se uz navedeno osna\u017eiti gospodarstvo i ubla\u017eiti klimatske promjene.<br><br>Korisnik projekta: Studio Produkt d.o.o.<br><br>Ukupna vrijednost projekta: 356.823,04 \u20ac<br>Ukupno prihvatljivi izdaci: 286.694,27 \u20ac<br>EU sufinanciranje projekta: 167.741,58 \u20ac<br><br>Razdoblje provedbe projekta odvija se u vremenskom periodu od (02.01.2023. &#8211; 02.01.2025.) odnosno 24 mjeseca.<br><br>Kontakt osoba za vi\u0161e informacija:<br>Sudari\u0107 Dean, studioprodukt@gmail.com<br><br>\u201eFinancira Europska unija \u2013 NextGenerationEU. Izneseni stavovi i mi\u0161ljenja samo su autorova i ne odra\u017eavaju nu\u017eno slu\u017ebena stajali\u0161ta Europske unije ili Europske komisije. Ni Europska unija ni Europska komisija ne mogu se smatrati odgovornima za njih.\u201d<\/p>\n","protected":false},"excerpt":{"rendered":"<p>Naziv projekta: Internacionalizacija poduze\u0107a Studio produkt d.o.o. kroz predstavljanje proizvoda na me\u0111unarodnim sajmovima Naziv poziva na dostavu projektnih prijedloga: Potpora MSP-ovima za internacionalizaciju Referentni broj poziva: PK.1.3.10 Kod projekta: PK.1.3.10.0059 Kratki opis projekta: Projekt \u201eInternacionalizacija proizvoda Studio Produkt d.o.o. kroz nastup na me\u0111unarodnim sajmovima\u201c usmjeren je na ja\u010danje me\u0111unarodne konkurentnosti poduze\u0107a putem izlaska na tr\u017ei\u0161ta [&hellip;]<\/p>\n","protected":false},"author":1,"featured_media":0,"parent":0,"menu_order":0,"comment_status":"closed","ping_status":"closed","template":"","meta":{"_themeisle_gutenberg_block_has_review":false,"footnotes":""},"class_list":["post-1689","page","type-page","status-publish","hentry"],"_links":{"self":[{"href":"https:\/\/terrazza.hr\/hr\/wp-json\/wp\/v2\/pages\/1689","targetHints":{"allow":["GET"]}}],"collection":[{"href":"https:\/\/terrazza.hr\/hr\/wp-json\/wp\/v2\/pages"}],"about":[{"href":"https:\/\/terrazza.hr\/hr\/wp-json\/wp\/v2\/types\/page"}],"author":[{"embeddable":true,"href":"https:\/\/terrazza.hr\/hr\/wp-json\/wp\/v2\/users\/1"}],"replies":[{"embeddable":true,"href":"https:\/\/terrazza.hr\/hr\/wp-json\/wp\/v2\/comments?post=1689"}],"version-history":[{"count":15,"href":"https:\/\/terrazza.hr\/hr\/wp-json\/wp\/v2\/pages\/1689\/revisions"}],"predecessor-version":[{"id":2254,"href":"https:\/\/terrazza.hr\/hr\/wp-json\/wp\/v2\/pages\/1689\/revisions\/2254"}],"wp:attachment":[{"href":"https:\/\/terrazza.hr\/hr\/wp-json\/wp\/v2\/media?parent=1689"}],"curies":[{"name":"wp","href":"https:\/\/api.w.org\/{rel}","templated":true}]}}