{"id":1380,"date":"2024-10-23T08:50:13","date_gmt":"2024-10-23T06:50:13","guid":{"rendered":"https:\/\/terrazza.hr\/?page_id=1380"},"modified":"2024-12-23T15:00:31","modified_gmt":"2024-12-23T14:00:31","slug":"terms-and-conditions","status":"publish","type":"page","link":"https:\/\/terrazza.hr\/hr\/terms-and-conditions\/","title":{"rendered":"Uvjeti kori\u0161tenja"},"content":{"rendered":"\n<p><a href=\"https:\/\/terrazza.hr\/wp-content\/uploads\/2024\/12\/Opci-uvjeti.pdf\" data-type=\"link\" data-id=\"https:\/\/terrazza.hr\/wp-content\/uploads\/2024\/12\/Opci-uvjeti.pdf\">Op\u0107i uvjeti<\/a><\/p>\n\n\n\n<div class=\"wp-block-group width920 has-global-padding is-layout-constrained wp-block-group-is-layout-constrained\">\n<p><strong>Datum stupanja na snagu: 1. studenog 2024.<\/strong><div><b data-stringify-type=\"bold\" style=\"box-sizing: inherit; color: rgb(209, 210, 211); font-family: Slack-Lato, Slack-Fractions, appleLogo, sans-serif; font-size: 15px; font-variant-ligatures: common-ligatures; white-space-collapse: collapse; background-color: rgb(34, 37, 41);\"><\/b><\/div><\/p>\n\n\n\n<p>Dobrodo\u0161li na&nbsp;<a href=\"http:\/\/www.terrazza.com\/\" target=\"_blank\" rel=\"noreferrer noopener\">www.terrazza.com<\/a>&nbsp;(u daljnjem tekstu \u201cStranica\u201d). Pristupom ili kori\u0161tenjem na\u0161e Stranice pristajete na po\u0161tivanje ovih Uvjeta i odredbi (u daljnjem tekstu \u201cUvjeti\u201d). Ako se ne sla\u017eete s ovim Uvjetima, molimo vas da ne koristite na\u0161u Stranicu.<\/p>\n\n\n\n<p><strong>Prihva\u0107anje uvjeta<\/strong><\/p>\n\n\n\n<p>Kori\u0161tenjem ove Stranice potvr\u0111ujete da imate najmanje 13 godina i pravnu sposobnost sklopiti ove Uvjete. Ako ovu Stranicu koristite u ime organizacije, izjavljujete da imate ovla\u0161tenje obvezati tu organizaciju na ove Uvjete.<\/p>\n\n\n\n<p><strong>Odgovornosti korisnika<\/strong><\/p>\n\n\n\n<p>Sla\u017eete se koristiti ovu Stranicu isklju\u010divo u zakonite svrhe i na na\u010din koji ne kr\u0161i prava drugih niti ograni\u010dava njihovo kori\u0161tenje Stranice. Zabranjeno pona\u0161anje uklju\u010duje, ali nije ograni\u010deno na:<\/p>\n\n\n\n<ul class=\"wp-block-list\">\n<li>Uznemiravanje ili prijetnje drugim korisnicima.<\/li>\n\n\n\n<li>Postavljanje ili prijenos \u0161tetnog, nezakonitog ili neprikladnog sadr\u017eaja.<\/li>\n\n\n\n<li>Sudjelovanje u aktivnostima koje bi mogle na\u0161tetiti ili omesti rad Stranice.<\/li>\n<\/ul>\n\n\n\n<p><strong>Prava intelektualnog vlasni\u0161tva<\/strong><\/p>\n\n\n\n<p>Sav sadr\u017eaj na ovoj Stranici, uklju\u010duju\u0107i tekstove, slike, grafike, logotipe i softver, vlasni\u0161tvo je Terrazze ili njenih davatelja licenci i za\u0161ti\u0107en je autorskim pravom, za\u0161titnim znakovima i drugim zakonima o intelektualnom vlasni\u0161tvu. Nije dozvoljeno reproducirati, distribuirati, mijenjati ili na bilo koji na\u010din koristiti sadr\u017eaj bez na\u0161e prethodne pisane suglasnosti.<\/p>\n\n\n\n<p><strong>Ograni\u010denje odgovornosti<\/strong><\/p>\n\n\n\n<p>Iako nastojimo pru\u017eiti to\u010dne i a\u017eurirane informacije, ne jam\u010dimo potpunost ili to\u010dnost sadr\u017eaja na na\u0161oj Stranici. Terrazza ne snosi odgovornost za bilo kakvu izravnu, neizravnu, slu\u010dajnu, posebnu ili posljedi\u010dnu \u0161tetu koja proizlazi iz kori\u0161tenja ili nemogu\u0107nosti kori\u0161tenja ove Stranice ili bilo kojeg sadr\u017eaja na njoj.<\/p>\n\n\n\n<p><strong>Obe\u0161te\u0107enje<\/strong><\/p>\n\n\n\n<p>Sla\u017eete se obe\u0161tetiti, braniti i za\u0161tititi Terrazzu, njene podru\u017enice te njihove slu\u017ebenike, direktore, zaposlenike i agente od bilo kakvih zahtjeva, gubitaka, obveza, \u0161teta, tro\u0161kova ili izdataka (uklju\u010duju\u0107i razumne odvjetni\u010dke naknade) koji proizlaze iz va\u0161eg kori\u0161tenja Stranice ili kr\u0161enja ovih Uvjeta.<\/p>\n\n\n\n<p><strong>Mjerodavno pravo<\/strong><\/p>\n\n\n\n<p>Ovi Uvjeti ure\u0111uju se i tuma\u010de u skladu sa zakonima Republike Hrvatske, neovisno o na\u010delima sukoba zakona. Svi sporovi koji proizlaze iz ovih Uvjeta ili su s njima povezani rje\u0161avat \u0107e se pred nadle\u017enim sudovima u Hrvatskoj.<\/p>\n\n\n\n<p><strong>Izmjene uvjeta<\/strong><\/p>\n\n\n\n<p>Zadr\u017eavamo pravo izmjene ovih Uvjeta u bilo kojem trenutku. Sve izmjene stupaju na snagu odmah nakon objave na ovoj stranici. Va\u0161e daljnje kori\u0161tenje Stranice nakon izmjena zna\u010di da prihva\u0107ate nove Uvjete.<\/p>\n<\/div>\n","protected":false},"excerpt":{"rendered":"<p>Op\u0107i uvjeti Datum stupanja na snagu: 1. studenog 2024. Dobrodo\u0161li na&nbsp;www.terrazza.com&nbsp;(u daljnjem tekstu \u201cStranica\u201d). Pristupom ili kori\u0161tenjem na\u0161e Stranice pristajete na po\u0161tivanje ovih Uvjeta i odredbi (u daljnjem tekstu \u201cUvjeti\u201d). Ako se ne sla\u017eete s ovim Uvjetima, molimo vas da ne koristite na\u0161u Stranicu. Prihva\u0107anje uvjeta Kori\u0161tenjem ove Stranice potvr\u0111ujete da imate najmanje 13 godina [&hellip;]<\/p>\n","protected":false},"author":1,"featured_media":0,"parent":0,"menu_order":0,"comment_status":"closed","ping_status":"closed","template":"","meta":{"_themeisle_gutenberg_block_has_review":false,"footnotes":""},"class_list":["post-1380","page","type-page","status-publish","hentry"],"_links":{"self":[{"href":"https:\/\/terrazza.hr\/hr\/wp-json\/wp\/v2\/pages\/1380","targetHints":{"allow":["GET"]}}],"collection":[{"href":"https:\/\/terrazza.hr\/hr\/wp-json\/wp\/v2\/pages"}],"about":[{"href":"https:\/\/terrazza.hr\/hr\/wp-json\/wp\/v2\/types\/page"}],"author":[{"embeddable":true,"href":"https:\/\/terrazza.hr\/hr\/wp-json\/wp\/v2\/users\/1"}],"replies":[{"embeddable":true,"href":"https:\/\/terrazza.hr\/hr\/wp-json\/wp\/v2\/comments?post=1380"}],"version-history":[{"count":3,"href":"https:\/\/terrazza.hr\/hr\/wp-json\/wp\/v2\/pages\/1380\/revisions"}],"predecessor-version":[{"id":1923,"href":"https:\/\/terrazza.hr\/hr\/wp-json\/wp\/v2\/pages\/1380\/revisions\/1923"}],"wp:attachment":[{"href":"https:\/\/terrazza.hr\/hr\/wp-json\/wp\/v2\/media?parent=1380"}],"curies":[{"name":"wp","href":"https:\/\/api.w.org\/{rel}","templated":true}]}}