{"id":1375,"date":"2024-10-23T06:28:22","date_gmt":"2024-10-23T04:28:22","guid":{"rendered":"https:\/\/terrazza.hr\/?page_id=1375"},"modified":"2024-12-08T16:15:09","modified_gmt":"2024-12-08T15:15:09","slug":"privacy-policy","status":"publish","type":"page","link":"https:\/\/terrazza.hr\/hr\/privacy-policy\/","title":{"rendered":"Pravila privatnosti"},"content":{"rendered":"\n<div class=\"wp-block-group width920 has-global-padding is-layout-constrained wp-block-group-is-layout-constrained\">\n<p><b>Uvod<\/b><\/p>\n\n\n\n<p>Ova Pravila privatnosti opisuju kako prikupljamo, koristimo i \u0161titimo va\u0161e podatke kada posjetite na\u0161u web stranicu\u00a0<a href=\"http:\/\/www.terrazza.com\/\" target=\"_blank\" rel=\"noreferrer noopener\">www.terrazza.com<\/a>\u00a0(u daljnjem tekstu \u201cStranica\u201d). Kori\u0161tenjem Stranice pristajete na prikupljanje i kori\u0161tenje podataka u skladu s ovim pravilima.<\/p>\n\n\n\n<p><strong>Podaci koje prikupljamo<\/strong><\/p>\n\n\n\n<ol class=\"wp-block-list\">\n<li>Osobni podaci: Ne prikupljamo osobne podatke poput va\u0161eg imena, e-mail adrese ili telefonskog broja kada posjetite na\u0161u Stranicu. Na\u0161e proizvode mo\u017eete pregledavati bez pru\u017eanja osobnih podataka.<\/li>\n\n\n\n<li>Neosobni podaci: Mo\u017eemo automatski prikupljati neosobne podatke kada posjetite na\u0161u Stranicu, uklju\u010duju\u0107i va\u0161u IP adresu, vrstu preglednika, operativni sustav, upu\u0107uju\u0107e URL-ove, pregledane stranice te vrijeme i datum va\u0161eg posjeta. Ovi podaci poma\u017eu nam unaprijediti Stranicu i korisni\u010dko iskustvo.<\/li>\n<\/ol>\n\n\n\n<p><strong>Kori\u0161tenje prikupljenih podataka<\/strong><\/p>\n\n\n\n<p>Prikupljene podatke mo\u017eemo koristiti u sljede\u0107e svrhe:<\/p>\n\n\n\n<ul class=\"wp-block-list\">\n<li>Za pobolj\u0161anje na\u0161e Stranice i unapre\u0111enje korisni\u010dkog iskustva.<\/li>\n\n\n\n<li>Za analizu uzoraka kori\u0161tenja kako bismo bolje razumjeli interakciju posjetitelja s na\u0161im proizvodima.<\/li>\n<\/ul>\n\n\n\n<p><strong>Third-Party usluge<\/strong><\/p>\n\n\n\n<p>Ne prodajemo, ne razmjenjujemo niti na drugi na\u010din prenosimo va\u0161e podatke vanjskim stranama. Me\u0111utim, mo\u017eemo koristiti usluge tre\u0107ih strana (npr. alate za analitiku) koje mogu prikupljati neosobne podatke o va\u0161em kori\u0161tenju Stranice. Te usluge imaju vlastita pravila privatnosti, te vas poti\u010demo da ih pregledate.<\/p>\n\n\n\n<p><strong>Sigurnost podataka<\/strong><\/p>\n\n\n\n<p>Primjenjujemo razumne sigurnosne mjere kako bismo za\u0161titili va\u0161e podatke od neovla\u0161tenog pristupa, otkrivanja ili zlouporabe. Me\u0111utim, imajte na umu da nijedna metoda prijenosa putem interneta ili metoda elektroni\u010dke pohrane nije 100% sigurna.<\/p>\n\n\n\n<p><strong>Poveznice na druge web stranice<\/strong><\/p>\n\n\n\n<p>Na\u0161a Stranica mo\u017ee sadr\u017eavati poveznice na web stranice tre\u0107ih strana. Ne odgovaramo za prakse privatnosti ili sadr\u017eaj tih vanjskih stranica. Preporu\u010dujemo da pregledate njihova pravila privatnosti prije nego \u0161to pru\u017eite bilo kakve osobne podatke.<\/p>\n\n\n\n<p><strong>Izmjene Pravila privatnosti<\/strong><\/p>\n\n\n\n<p>Povremeno mo\u017eemo a\u017eurirati na\u0161a Pravila privatnosti. Obavijestit \u0107emo vas o svim promjenama objavom novih Pravila privatnosti na ovoj stranici. Savjetujemo vam da periodi\u010dno pregledavate ova Pravila privatnosti radi mogu\u0107ih izmjena.<\/p>\n<\/div>\n","protected":false},"excerpt":{"rendered":"<p>Uvod Ova Pravila privatnosti opisuju kako prikupljamo, koristimo i \u0161titimo va\u0161e podatke kada posjetite na\u0161u web stranicu\u00a0www.terrazza.com\u00a0(u daljnjem tekstu \u201cStranica\u201d). Kori\u0161tenjem Stranice pristajete na prikupljanje i kori\u0161tenje podataka u skladu s ovim pravilima. Podaci koje prikupljamo Kori\u0161tenje prikupljenih podataka Prikupljene podatke mo\u017eemo koristiti u sljede\u0107e svrhe: Third-Party usluge Ne prodajemo, ne razmjenjujemo niti na drugi [&hellip;]<\/p>\n","protected":false},"author":1,"featured_media":0,"parent":0,"menu_order":0,"comment_status":"closed","ping_status":"closed","template":"","meta":{"_themeisle_gutenberg_block_has_review":false,"footnotes":""},"class_list":["post-1375","page","type-page","status-publish","hentry"],"_links":{"self":[{"href":"https:\/\/terrazza.hr\/hr\/wp-json\/wp\/v2\/pages\/1375","targetHints":{"allow":["GET"]}}],"collection":[{"href":"https:\/\/terrazza.hr\/hr\/wp-json\/wp\/v2\/pages"}],"about":[{"href":"https:\/\/terrazza.hr\/hr\/wp-json\/wp\/v2\/types\/page"}],"author":[{"embeddable":true,"href":"https:\/\/terrazza.hr\/hr\/wp-json\/wp\/v2\/users\/1"}],"replies":[{"embeddable":true,"href":"https:\/\/terrazza.hr\/hr\/wp-json\/wp\/v2\/comments?post=1375"}],"version-history":[{"count":2,"href":"https:\/\/terrazza.hr\/hr\/wp-json\/wp\/v2\/pages\/1375\/revisions"}],"predecessor-version":[{"id":1377,"href":"https:\/\/terrazza.hr\/hr\/wp-json\/wp\/v2\/pages\/1375\/revisions\/1377"}],"wp:attachment":[{"href":"https:\/\/terrazza.hr\/hr\/wp-json\/wp\/v2\/media?parent=1375"}],"curies":[{"name":"wp","href":"https:\/\/api.w.org\/{rel}","templated":true}]}}