{"id":1063,"date":"2024-10-23T08:49:07","date_gmt":"2024-10-23T06:49:07","guid":{"rendered":"https:\/\/terrazza.hr\/?page_id=1063"},"modified":"2025-10-01T00:09:10","modified_gmt":"2025-09-30T22:09:10","slug":"milkme-stool","status":"publish","type":"page","link":"https:\/\/terrazza.hr\/hr\/milkme-stool\/","title":{"rendered":"MILKme stolica"},"content":{"rendered":"\n<div class=\"wp-block-group SmallNavMargin ProductHeroImg ticss-03628a53 has-global-padding is-content-justification-right is-layout-constrained wp-container-core-group-is-layout-f1f2ed93 wp-block-group-is-layout-constrained\">\n<figure class=\"wp-block-image size-full ticss-7eccc086\"><img decoding=\"async\" src=\"data:image\/gif;base64,R0lGODlhAQABAIAAAAAAAP\/\/\/yH5BAEAAAAALAAAAAABAAEAAAIBRAA7\" data-src=\"https:\/\/terrazza.hr\/wp-content\/uploads\/2024\/11\/terrazza-milkme-7-edited.jpg\" alt=\"\" class=\"wp-image-729 lazyload\" title=\"\"\/><noscript><img decoding=\"async\" width=\"1280\" height=\"960\" src=\"https:\/\/terrazza.hr\/wp-content\/uploads\/2024\/11\/terrazza-milkme-7-edited.jpg\" alt=\"\" class=\"wp-image-729 lazyload\" title=\"\" srcset=\"https:\/\/terrazza.hr\/wp-content\/uploads\/2024\/11\/terrazza-milkme-7-edited.jpg 1280w, https:\/\/terrazza.hr\/wp-content\/uploads\/2024\/11\/terrazza-milkme-7-edited-300x225.jpg 300w, https:\/\/terrazza.hr\/wp-content\/uploads\/2024\/11\/terrazza-milkme-7-edited-1024x768.jpg 1024w, https:\/\/terrazza.hr\/wp-content\/uploads\/2024\/11\/terrazza-milkme-7-edited-768x576.jpg 768w\" sizes=\"(max-width: 1280px) 100vw, 1280px\" \/><\/noscript><\/figure>\n<\/div>\n\n\n\n<div class=\"wp-block-group has-global-padding is-layout-constrained wp-block-group-is-layout-constrained\">\n<h2 class=\"wp-block-heading ProductNameH2 SmallNavMargin\" style=\"padding-top:var(--wp--preset--spacing--10);padding-bottom:var(--wp--preset--spacing--10)\">MILKme \/ <a href=\"https:\/\/konfigurator.terrazza.hr\/steps\/terrazza\/undefined\/shopping-cart-step\/configurator-step\/886\/undefined\/three-product-configuration-step\/attribute-editing\" data-type=\"link\" data-id=\"https:\/\/konfigurator.terrazza.hr\/steps\/terrazza\/undefined\/shopping-cart-step\/configurator-step\/702\/undefined\/three-product-configuration-step\"><mark style=\"background-color:rgba(0, 0, 0, 0);color:#ffae00\" class=\"has-inline-color\">Konfiguriraj<\/mark><\/a><\/h2>\n\n\n\n<div id=\"wp-block-themeisle-blocks-accordion-04d084ee\" data-has-schema=\"false\" class=\"wp-block-themeisle-blocks-accordion exclusive has-gap has-icon has-open-icon ticss-4e162ddd\">\n<details class=\"wp-block-themeisle-blocks-accordion-item\"><summary class=\"wp-block-themeisle-blocks-accordion-item__title\"><div>Dimenzije<\/div><\/summary><div class=\"wp-block-themeisle-blocks-accordion-item__content\">\n<div class=\"wp-block-group is-content-justification-center is-nowrap is-layout-flex wp-container-core-group-is-layout-1bd719e0 wp-block-group-is-layout-flex\" style=\"padding-top:var(--wp--preset--spacing--60)\">\n<figure class=\"wp-block-image size-full is-resized\"><img decoding=\"async\" src=\"data:image\/gif;base64,R0lGODlhAQABAIAAAAAAAP\/\/\/yH5BAEAAAAALAAAAAABAAEAAAIBRAA7\" data-src=\"https:\/\/terrazza.hr\/wp-content\/uploads\/2024\/11\/milkme-stool-edited.png\" alt=\"\" class=\"wp-image-1419 lazyload\" style=\"width:291px;height:auto\"\/><noscript><img decoding=\"async\" width=\"998\" height=\"1026\" src=\"https:\/\/terrazza.hr\/wp-content\/uploads\/2024\/11\/milkme-stool-edited.png\" alt=\"\" class=\"wp-image-1419 lazyload\" style=\"width:291px;height:auto\" srcset=\"https:\/\/terrazza.hr\/wp-content\/uploads\/2024\/11\/milkme-stool-edited.png 998w, https:\/\/terrazza.hr\/wp-content\/uploads\/2024\/11\/milkme-stool-edited-292x300.png 292w, https:\/\/terrazza.hr\/wp-content\/uploads\/2024\/11\/milkme-stool-edited-996x1024.png 996w, https:\/\/terrazza.hr\/wp-content\/uploads\/2024\/11\/milkme-stool-edited-768x790.png 768w\" sizes=\"(max-width: 998px) 100vw, 998px\" \/><\/noscript><\/figure>\n<\/div>\n\n\n\n<p>visina 38 cm, povr\u0161ina sjede\u0107eg dijela 52 cm x 33 cm<\/p>\n<\/div><\/details>\n\n\n\n<details class=\"wp-block-themeisle-blocks-accordion-item\"><summary class=\"wp-block-themeisle-blocks-accordion-item__title\"><div>Karakteristike<\/div><\/summary><div class=\"wp-block-themeisle-blocks-accordion-item__content\">\n<p class=\"width665\" style=\"padding-top:var(--wp--preset--spacing--60)\">Milk Stool ima \u0161iroku sjede\u0107u povr\u0161inu koja pru\u017ea udobnost. Mo\u017ee se koristiti kao stolica ili kao kompaktan stoli\u0107 za odlaganje stvari, \u0161to ga \u010dini svestranim komadom namje\u0161taja. Rupa u sredini omogu\u0107uje jednostavno slaganje kada se ne koristi.<\/p>\n<\/div><\/details>\n\n\n\n<details class=\"wp-block-themeisle-blocks-accordion-item\"><summary class=\"wp-block-themeisle-blocks-accordion-item__title\"><div>Materijali<\/div><\/summary><div class=\"wp-block-themeisle-blocks-accordion-item__content\">\n<div class=\"wp-block-group is-nowrap is-layout-flex wp-container-core-group-is-layout-38dba6c9 wp-block-group-is-layout-flex\" style=\"padding-top:var(--wp--preset--spacing--60)\">\n<div class=\"wp-block-group is-vertical is-layout-flex wp-container-core-group-is-layout-fe9cc265 wp-block-group-is-layout-flex\">\n<figure class=\"wp-block-image size-full is-resized\"><img decoding=\"async\" src=\"data:image\/gif;base64,R0lGODlhAQABAIAAAAAAAP\/\/\/yH5BAEAAAAALAAAAAABAAEAAAIBRAA7\" data-src=\"https:\/\/terrazza.hr\/wp-content\/uploads\/2024\/11\/material-sol-oak.jpeg\" alt=\"\" class=\"wp-image-852 lazyload\" style=\"object-fit:cover;width:275px;height:90px\"\/><noscript><img decoding=\"async\" width=\"564\" height=\"504\" src=\"https:\/\/terrazza.hr\/wp-content\/uploads\/2024\/11\/material-sol-oak.jpeg\" alt=\"\" class=\"wp-image-852 lazyload\" style=\"object-fit:cover;width:275px;height:90px\" srcset=\"https:\/\/terrazza.hr\/wp-content\/uploads\/2024\/11\/material-sol-oak.jpeg 564w, https:\/\/terrazza.hr\/wp-content\/uploads\/2024\/11\/material-sol-oak-300x268.jpeg 300w\" sizes=\"(max-width: 564px) 100vw, 564px\" \/><\/noscript><\/figure>\n\n\n\n<p class=\"has-small-font-size\">Hrast<\/p>\n<\/div>\n\n\n\n<div class=\"wp-block-group is-vertical is-layout-flex wp-container-core-group-is-layout-fe9cc265 wp-block-group-is-layout-flex\">\n<figure class=\"wp-block-image size-full is-resized\"><img decoding=\"async\" src=\"data:image\/gif;base64,R0lGODlhAQABAIAAAAAAAP\/\/\/yH5BAEAAAAALAAAAAABAAEAAAIBRAA7\" data-src=\"https:\/\/terrazza.hr\/wp-content\/uploads\/2024\/11\/material-milkme-brass.jpeg\" alt=\"\" class=\"wp-image-856 lazyload\" style=\"object-fit:cover;width:275px;height:90px\"\/><noscript><img decoding=\"async\" width=\"350\" height=\"350\" src=\"https:\/\/terrazza.hr\/wp-content\/uploads\/2024\/11\/material-milkme-brass.jpeg\" alt=\"\" class=\"wp-image-856 lazyload\" style=\"object-fit:cover;width:275px;height:90px\" srcset=\"https:\/\/terrazza.hr\/wp-content\/uploads\/2024\/11\/material-milkme-brass.jpeg 350w, https:\/\/terrazza.hr\/wp-content\/uploads\/2024\/11\/material-milkme-brass-300x300.jpeg 300w, https:\/\/terrazza.hr\/wp-content\/uploads\/2024\/11\/material-milkme-brass-150x150.jpeg 150w\" sizes=\"(max-width: 350px) 100vw, 350px\" \/><\/noscript><\/figure>\n\n\n\n<p class=\"has-small-font-size\">Mesing<\/p>\n<\/div>\n<\/div>\n<\/div><\/details>\n\n\n\n<details class=\"wp-block-themeisle-blocks-accordion-item\"><summary class=\"wp-block-themeisle-blocks-accordion-item__title\"><div>Odr\u017eavanje<\/div><\/summary><div class=\"wp-block-themeisle-blocks-accordion-item__content\">\n<p class=\"width665\" style=\"padding-top:var(--wp--preset--spacing--60)\">Obri\u0161ite mekom, suhom krpom kako biste uklonili pra\u0161inu i ne\u010disto\u0107u. Izbjegavajte kori\u0161tenje jakih kemikalija. Dr\u017eite svoj stolac na mjestu gdje nije izlo\u017een izravnoj sun\u010devoj svjetlosti kako biste sprije\u010dili izblije\u0111ivanje drva i o\u0161te\u0107enje mesinga. \u010cistite mesing mekom krpom i sredstvom za \u010di\u0161\u0107enje mesinga kako biste zadr\u017eali njegov sjaj. Izbjegavajte abrazivne materijale koji bi mogli ogrebati povr\u0161inu.<\/p>\n<\/div><\/details>\n<\/div>\n<\/div>\n\n\n\n<hr class=\"wp-block-separator alignwide has-text-color has-alpha-channel-opacity has-background\" style=\"margin-top:0px;margin-bottom:0px;background-color:#808080;color:#808080\"\/>\n\n\n\n<div class=\"wp-block-group has-global-padding is-layout-constrained wp-block-group-is-layout-constrained\">\n<h2 class=\"wp-block-heading width1370 UpMargin\">Izra\u0111en od drva i mesinga, ovaj stolac s vremenom dobiva na vrijednosti. Mesing razvija bogatu patinu, \u0161to dodatno nagla\u0161ava njegov karakter i produbljuje povezanost s prirodnim materijalima.<\/h2>\n<\/div>\n\n\n\n<div class=\"wp-block-group SmallNavMargin ticss-2a1cdd46 ImagesBlock has-global-padding is-layout-constrained wp-block-group-is-layout-constrained\">\n<figure class=\"wp-block-image size-full Milkme1 ticss-f915eecb\"><img decoding=\"async\" src=\"data:image\/gif;base64,R0lGODlhAQABAIAAAAAAAP\/\/\/yH5BAEAAAAALAAAAAABAAEAAAIBRAA7\" data-src=\"https:\/\/terrazza.hr\/wp-content\/uploads\/2024\/11\/terrazza-milkme-1.jpg\" alt=\"\" class=\"wp-image-806 lazyload\"\/><noscript><img decoding=\"async\" width=\"1280\" height=\"1920\" src=\"https:\/\/terrazza.hr\/wp-content\/uploads\/2024\/11\/terrazza-milkme-1.jpg\" alt=\"\" class=\"wp-image-806 lazyload\" srcset=\"https:\/\/terrazza.hr\/wp-content\/uploads\/2024\/11\/terrazza-milkme-1.jpg 1280w, https:\/\/terrazza.hr\/wp-content\/uploads\/2024\/11\/terrazza-milkme-1-200x300.jpg 200w, https:\/\/terrazza.hr\/wp-content\/uploads\/2024\/11\/terrazza-milkme-1-683x1024.jpg 683w, https:\/\/terrazza.hr\/wp-content\/uploads\/2024\/11\/terrazza-milkme-1-768x1152.jpg 768w, https:\/\/terrazza.hr\/wp-content\/uploads\/2024\/11\/terrazza-milkme-1-1024x1536.jpg 1024w\" sizes=\"(max-width: 1280px) 100vw, 1280px\" \/><\/noscript><\/figure>\n\n\n\n<figure class=\"wp-block-image alignwide size-full Milkme2 ticss-bed5ad9a\"><img decoding=\"async\" src=\"data:image\/gif;base64,R0lGODlhAQABAIAAAAAAAP\/\/\/yH5BAEAAAAALAAAAAABAAEAAAIBRAA7\" data-src=\"https:\/\/terrazza.hr\/wp-content\/uploads\/2024\/11\/terrazza-milkme-6.jpg\" alt=\"\" class=\"wp-image-968 lazyload\"\/><noscript><img decoding=\"async\" width=\"1920\" height=\"1280\" src=\"https:\/\/terrazza.hr\/wp-content\/uploads\/2024\/11\/terrazza-milkme-6.jpg\" alt=\"\" class=\"wp-image-968 lazyload\" srcset=\"https:\/\/terrazza.hr\/wp-content\/uploads\/2024\/11\/terrazza-milkme-6.jpg 1920w, https:\/\/terrazza.hr\/wp-content\/uploads\/2024\/11\/terrazza-milkme-6-300x200.jpg 300w, https:\/\/terrazza.hr\/wp-content\/uploads\/2024\/11\/terrazza-milkme-6-1024x683.jpg 1024w, https:\/\/terrazza.hr\/wp-content\/uploads\/2024\/11\/terrazza-milkme-6-768x512.jpg 768w, https:\/\/terrazza.hr\/wp-content\/uploads\/2024\/11\/terrazza-milkme-6-1536x1024.jpg 1536w\" sizes=\"(max-width: 1920px) 100vw, 1920px\" \/><\/noscript><\/figure>\n\n\n\n<div class=\"wp-block-columns are-vertically-aligned-bottom Milkme3 ticss-20d6fe29 is-layout-flex wp-container-core-columns-is-layout-14cf5ab5 wp-block-columns-is-layout-flex\">\n<div class=\"wp-block-column is-vertically-aligned-bottom is-layout-flow wp-block-column-is-layout-flow\" style=\"flex-basis:40%\">\n<figure class=\"wp-block-image size-full\"><img decoding=\"async\" src=\"data:image\/gif;base64,R0lGODlhAQABAIAAAAAAAP\/\/\/yH5BAEAAAAALAAAAAABAAEAAAIBRAA7\" data-src=\"https:\/\/terrazza.hr\/wp-content\/uploads\/2024\/11\/terrazza-milkme-14.jpg\" alt=\"\" class=\"wp-image-970 lazyload\"\/><noscript><img decoding=\"async\" width=\"1280\" height=\"1920\" src=\"https:\/\/terrazza.hr\/wp-content\/uploads\/2024\/11\/terrazza-milkme-14.jpg\" alt=\"\" class=\"wp-image-970 lazyload\" srcset=\"https:\/\/terrazza.hr\/wp-content\/uploads\/2024\/11\/terrazza-milkme-14.jpg 1280w, https:\/\/terrazza.hr\/wp-content\/uploads\/2024\/11\/terrazza-milkme-14-200x300.jpg 200w, https:\/\/terrazza.hr\/wp-content\/uploads\/2024\/11\/terrazza-milkme-14-683x1024.jpg 683w, https:\/\/terrazza.hr\/wp-content\/uploads\/2024\/11\/terrazza-milkme-14-768x1152.jpg 768w, https:\/\/terrazza.hr\/wp-content\/uploads\/2024\/11\/terrazza-milkme-14-1024x1536.jpg 1024w\" sizes=\"(max-width: 1280px) 100vw, 1280px\" \/><\/noscript><\/figure>\n<\/div>\n\n\n\n<div class=\"wp-block-column is-vertically-aligned-bottom is-layout-flow wp-block-column-is-layout-flow\" style=\"flex-basis:60%\">\n<figure class=\"wp-block-image size-full\"><img decoding=\"async\" src=\"data:image\/gif;base64,R0lGODlhAQABAIAAAAAAAP\/\/\/yH5BAEAAAAALAAAAAABAAEAAAIBRAA7\" data-src=\"https:\/\/terrazza.hr\/wp-content\/uploads\/2024\/11\/terrazza-milkme-15.jpg\" alt=\"\" class=\"wp-image-972 lazyload\"\/><noscript><img decoding=\"async\" width=\"1392\" height=\"1920\" src=\"https:\/\/terrazza.hr\/wp-content\/uploads\/2024\/11\/terrazza-milkme-15.jpg\" alt=\"\" class=\"wp-image-972 lazyload\" srcset=\"https:\/\/terrazza.hr\/wp-content\/uploads\/2024\/11\/terrazza-milkme-15.jpg 1392w, https:\/\/terrazza.hr\/wp-content\/uploads\/2024\/11\/terrazza-milkme-15-218x300.jpg 218w, https:\/\/terrazza.hr\/wp-content\/uploads\/2024\/11\/terrazza-milkme-15-742x1024.jpg 742w, https:\/\/terrazza.hr\/wp-content\/uploads\/2024\/11\/terrazza-milkme-15-768x1059.jpg 768w, https:\/\/terrazza.hr\/wp-content\/uploads\/2024\/11\/terrazza-milkme-15-1114x1536.jpg 1114w\" sizes=\"(max-width: 1392px) 100vw, 1392px\" \/><\/noscript><\/figure>\n<\/div>\n<\/div>\n<\/div>\n\n\n\n<div class=\"wp-block-group has-global-padding is-layout-constrained wp-block-group-is-layout-constrained\" style=\"border-top-width:1px;margin-top:var(--wp--preset--spacing--30);margin-bottom:var(--wp--preset--spacing--30);padding-top:var(--wp--preset--spacing--20);padding-bottom:var(--wp--preset--spacing--20)\">\n<p class=\"DownMargin SmallNavMargin\">ZATRA\u017dITE VI\u0160E INFORMACIJA<\/p>\n\n\n\n<div class=\"wp-block-columns is-layout-flex wp-container-core-columns-is-layout-28f84493 wp-block-columns-is-layout-flex\">\n<div class=\"wp-block-column is-vertically-aligned-center is-layout-flow wp-block-column-is-layout-flow\">\n<p>Zanima vas ovaj jedinstveni komad? Javite nam se za vi\u0161e informacija, opcije prilagodbe i cijene. Ovdje smo da vam pomognemo prona\u0107i savr\u0161enu opciju za va\u0161 prostor.<\/p>\n<\/div>\n\n\n\n<div class=\"wp-block-column is-vertically-aligned-top is-layout-flow wp-block-column-is-layout-flow\">\n<div class=\"wp-block-buttons is-layout-flex wp-block-buttons-is-layout-flex\">\n<div class=\"wp-block-button has-custom-width wp-block-button__width-100\"><a class=\"wp-block-button__link wp-element-button\" href=\"https:\/\/terrazza.hr\/hr\/contact\/\" style=\"border-radius:0px;text-transform:capitalize\">Kontaktirajte nas<\/a><\/div>\n<\/div>\n<\/div>\n<\/div>\n<\/div>\n\n\n\n<div class=\"wp-block-group alignfull OtherProducts has-custom-gray-background-color has-background has-global-padding is-layout-constrained wp-block-group-is-layout-constrained\" style=\"margin-top:0px;margin-bottom:0px;padding-top:var(--wp--preset--spacing--20);padding-bottom:var(--wp--preset--spacing--20)\">\n<p class=\"DownMargin SmallNavMargin\">DRUGI PROIZVODI<\/p>\n\n\n\n<div class=\"wp-block-columns is-not-stacked-on-mobile OtherProducts ticss-28d85429 is-layout-flex wp-container-core-columns-is-layout-00ff1643 wp-block-columns-is-layout-flex\" style=\"margin-bottom:var(--wp--preset--spacing--20)\">\n<div class=\"wp-block-column is-layout-flow wp-block-column-is-layout-flow\">\n<figure class=\"wp-block-image size-large ProductPhoto\"><a href=\"https:\/\/terrazza.hr\/hr\/limoni-kitchen\/\"><img decoding=\"async\" src=\"data:image\/gif;base64,R0lGODlhAQABAIAAAAAAAP\/\/\/yH5BAEAAAAALAAAAAABAAEAAAIBRAA7\" data-src=\"https:\/\/terrazza.hr\/wp-content\/uploads\/2024\/11\/terrazza-limoni-3-edited-1024x767.jpg\" alt=\"\" class=\"wp-image-815 lazyload\"\/><noscript><img decoding=\"async\" width=\"1024\" height=\"767\" src=\"https:\/\/terrazza.hr\/wp-content\/uploads\/2024\/11\/terrazza-limoni-3-edited-1024x767.jpg\" alt=\"\" class=\"wp-image-815 lazyload\" srcset=\"https:\/\/terrazza.hr\/wp-content\/uploads\/2024\/11\/terrazza-limoni-3-edited-1024x767.jpg 1024w, https:\/\/terrazza.hr\/wp-content\/uploads\/2024\/11\/terrazza-limoni-3-edited-300x225.jpg 300w, https:\/\/terrazza.hr\/wp-content\/uploads\/2024\/11\/terrazza-limoni-3-edited-768x576.jpg 768w, https:\/\/terrazza.hr\/wp-content\/uploads\/2024\/11\/terrazza-limoni-3-edited-1536x1151.jpg 1536w, https:\/\/terrazza.hr\/wp-content\/uploads\/2024\/11\/terrazza-limoni-3-edited.jpg 1708w\" sizes=\"(max-width: 1024px) 100vw, 1024px\" \/><\/noscript><\/a><\/figure>\n\n\n\n<div class=\"wp-block-group is-content-justification-space-between is-nowrap is-layout-flex wp-container-core-group-is-layout-cb46ffcb wp-block-group-is-layout-flex\">\n<h2 class=\"wp-block-heading\"><a href=\"https:\/\/terrazza.hr\/hr\/limoni-kitchen\/\" data-type=\"link\" data-id=\"https:\/\/terrazza.hr\/hr\/limoni-kitchen\/\">Limoni kolekcija<\/a><\/h2>\n\n\n\n<figure class=\"wp-block-image size-full Arrow\"><a href=\"https:\/\/terrazza.hr\/hr\/limoni-kitchen\/\"><img decoding=\"async\" src=\"data:image\/gif;base64,R0lGODlhAQABAIAAAAAAAP\/\/\/yH5BAEAAAAALAAAAAABAAEAAAIBRAA7\" data-src=\"https:\/\/terrazza.hr\/wp-content\/uploads\/2024\/10\/Shape.svg\" alt=\"\" class=\"wp-image-427 lazyload\"\/><noscript><img decoding=\"async\" width=\"61\" height=\"60\" src=\"https:\/\/terrazza.hr\/wp-content\/uploads\/2024\/10\/Shape.svg\" alt=\"\" class=\"wp-image-427 lazyload\"\/><\/noscript><\/a><\/figure>\n<\/div>\n<\/div>\n\n\n\n<div class=\"wp-block-column is-layout-flow wp-block-column-is-layout-flow\">\n<figure class=\"wp-block-image size-large ProductPhoto\"><a href=\"https:\/\/terrazza.hr\/hr\/sol-kitchen\/\"><img decoding=\"async\" src=\"data:image\/gif;base64,R0lGODlhAQABAIAAAAAAAP\/\/\/yH5BAEAAAAALAAAAAABAAEAAAIBRAA7\" data-src=\"https:\/\/terrazza.hr\/wp-content\/uploads\/2024\/11\/terrazza-sol-1-1-edited-1024x768.jpg\" alt=\"\" class=\"wp-image-732 lazyload\"\/><noscript><img decoding=\"async\" width=\"1024\" height=\"768\" src=\"https:\/\/terrazza.hr\/wp-content\/uploads\/2024\/11\/terrazza-sol-1-1-edited-1024x768.jpg\" alt=\"\" class=\"wp-image-732 lazyload\" srcset=\"https:\/\/terrazza.hr\/wp-content\/uploads\/2024\/11\/terrazza-sol-1-1-edited-1024x768.jpg 1024w, https:\/\/terrazza.hr\/wp-content\/uploads\/2024\/11\/terrazza-sol-1-1-edited-300x225.jpg 300w, https:\/\/terrazza.hr\/wp-content\/uploads\/2024\/11\/terrazza-sol-1-1-edited-768x576.jpg 768w, https:\/\/terrazza.hr\/wp-content\/uploads\/2024\/11\/terrazza-sol-1-1-edited.jpg 1407w\" sizes=\"(max-width: 1024px) 100vw, 1024px\" \/><\/noscript><\/a><\/figure>\n\n\n\n<div class=\"wp-block-group is-content-justification-space-between is-nowrap is-layout-flex wp-container-core-group-is-layout-cb46ffcb wp-block-group-is-layout-flex\">\n<h2 class=\"wp-block-heading\"><a href=\"https:\/\/terrazza.hr\/hr\/sol-kitchen\/\" data-type=\"link\" data-id=\"https:\/\/terrazza.hr\/hr\/sol-kitchen\/\">Sol<\/a><\/h2>\n\n\n\n<figure class=\"wp-block-image size-full Arrow\"><a href=\"https:\/\/terrazza.hr\/hr\/sol-kitchen\/\"><img decoding=\"async\" src=\"data:image\/gif;base64,R0lGODlhAQABAIAAAAAAAP\/\/\/yH5BAEAAAAALAAAAAABAAEAAAIBRAA7\" data-src=\"https:\/\/terrazza.hr\/wp-content\/uploads\/2024\/10\/Shape.svg\" alt=\"\" class=\"wp-image-427 lazyload\"\/><noscript><img decoding=\"async\" width=\"61\" height=\"60\" src=\"https:\/\/terrazza.hr\/wp-content\/uploads\/2024\/10\/Shape.svg\" alt=\"\" class=\"wp-image-427 lazyload\"\/><\/noscript><\/a><\/figure>\n<\/div>\n<\/div>\n<\/div>\n<\/div>\n","protected":false},"excerpt":{"rendered":"<p>MILKme \/ Konfiguriraj Izra\u0111en od drva i mesinga, ovaj stolac s vremenom dobiva na vrijednosti. Mesing razvija bogatu patinu, \u0161to dodatno nagla\u0161ava njegov karakter i produbljuje povezanost s prirodnim materijalima. ZATRA\u017dITE VI\u0160E INFORMACIJA Zanima vas ovaj jedinstveni komad? Javite nam se za vi\u0161e informacija, opcije prilagodbe i cijene. Ovdje smo da vam pomognemo prona\u0107i savr\u0161enu [&hellip;]<\/p>\n","protected":false},"author":1,"featured_media":0,"parent":0,"menu_order":0,"comment_status":"closed","ping_status":"closed","template":"page-no-title","meta":{"_themeisle_gutenberg_block_has_review":false,"footnotes":""},"class_list":["post-1063","page","type-page","status-publish","hentry"],"_links":{"self":[{"href":"https:\/\/terrazza.hr\/hr\/wp-json\/wp\/v2\/pages\/1063","targetHints":{"allow":["GET"]}}],"collection":[{"href":"https:\/\/terrazza.hr\/hr\/wp-json\/wp\/v2\/pages"}],"about":[{"href":"https:\/\/terrazza.hr\/hr\/wp-json\/wp\/v2\/types\/page"}],"author":[{"embeddable":true,"href":"https:\/\/terrazza.hr\/hr\/wp-json\/wp\/v2\/users\/1"}],"replies":[{"embeddable":true,"href":"https:\/\/terrazza.hr\/hr\/wp-json\/wp\/v2\/comments?post=1063"}],"version-history":[{"count":26,"href":"https:\/\/terrazza.hr\/hr\/wp-json\/wp\/v2\/pages\/1063\/revisions"}],"predecessor-version":[{"id":2245,"href":"https:\/\/terrazza.hr\/hr\/wp-json\/wp\/v2\/pages\/1063\/revisions\/2245"}],"wp:attachment":[{"href":"https:\/\/terrazza.hr\/hr\/wp-json\/wp\/v2\/media?parent=1063"}],"curies":[{"name":"wp","href":"https:\/\/api.w.org\/{rel}","templated":true}]}}