{"id":1021,"date":"2024-10-23T08:47:23","date_gmt":"2024-10-23T06:47:23","guid":{"rendered":"https:\/\/terrazza.hr\/?page_id=1021"},"modified":"2025-06-20T23:32:00","modified_gmt":"2025-06-20T21:32:00","slug":"products","status":"publish","type":"page","link":"https:\/\/terrazza.hr\/hr\/products\/","title":{"rendered":"Proizvodi"},"content":{"rendered":"\n<div class=\"wp-block-group Products SmallNavMargin DownMargin ticss-5ee5eed8 has-global-padding is-layout-constrained wp-block-group-is-layout-constrained\">\n<div class=\"wp-block-group SmallNavMargin has-global-padding is-layout-constrained wp-block-group-is-layout-constrained\">\n<figure class=\"wp-block-image size-full LimoniPhoto\"><a href=\"https:\/\/terrazza.hr\/hr\/limoni-kitchen\/\"><img decoding=\"async\" src=\"data:image\/gif;base64,R0lGODlhAQABAIAAAAAAAP\/\/\/yH5BAEAAAAALAAAAAABAAEAAAIBRAA7\" data-src=\"https:\/\/terrazza.hr\/wp-content\/uploads\/2024\/11\/terrazza-limoni-3.jpg\" alt=\"\" class=\"wp-image-677 lazyload\"\/><noscript><img decoding=\"async\" width=\"1920\" height=\"1280\" src=\"https:\/\/terrazza.hr\/wp-content\/uploads\/2024\/11\/terrazza-limoni-3.jpg\" alt=\"\" class=\"wp-image-677 lazyload\" srcset=\"https:\/\/terrazza.hr\/wp-content\/uploads\/2024\/11\/terrazza-limoni-3.jpg 1920w, https:\/\/terrazza.hr\/wp-content\/uploads\/2024\/11\/terrazza-limoni-3-300x200.jpg 300w, https:\/\/terrazza.hr\/wp-content\/uploads\/2024\/11\/terrazza-limoni-3-1024x683.jpg 1024w, https:\/\/terrazza.hr\/wp-content\/uploads\/2024\/11\/terrazza-limoni-3-768x512.jpg 768w, https:\/\/terrazza.hr\/wp-content\/uploads\/2024\/11\/terrazza-limoni-3-1536x1024.jpg 1536w\" sizes=\"(max-width: 1920px) 100vw, 1920px\" \/><\/noscript><\/a><\/figure>\n\n\n\n<div class=\"wp-block-group is-content-justification-space-between is-nowrap is-layout-flex wp-container-core-group-is-layout-cb46ffcb wp-block-group-is-layout-flex\">\n<h2 class=\"wp-block-heading ProductNameH2\"><a href=\"https:\/\/terrazza.hr\/hr\/limoni-kitchen\/\" data-type=\"link\" data-id=\"https:\/\/terrazza.hr\/hr\/limoni-kitchen\/\">Limoni kolekcija<\/a><\/h2>\n\n\n\n<figure class=\"wp-block-image size-full Arrow\"><a href=\"https:\/\/terrazza.hr\/hr\/limoni-kitchen\/\"><img decoding=\"async\" src=\"data:image\/gif;base64,R0lGODlhAQABAIAAAAAAAP\/\/\/yH5BAEAAAAALAAAAAABAAEAAAIBRAA7\" data-src=\"https:\/\/terrazza.hr\/wp-content\/uploads\/2024\/10\/Shape.svg\" alt=\"\" class=\"wp-image-427 lazyload\"\/><noscript><img decoding=\"async\" width=\"61\" height=\"60\" src=\"https:\/\/terrazza.hr\/wp-content\/uploads\/2024\/10\/Shape.svg\" alt=\"\" class=\"wp-image-427 lazyload\"\/><\/noscript><\/a><\/figure>\n<\/div>\n\n\n\n<div class=\"wp-block-columns DetailsColumns MainDetailColumns ticss-3946a726 is-layout-flex wp-container-core-columns-is-layout-28f84493 wp-block-columns-is-layout-flex\">\n<div class=\"wp-block-column is-layout-flow wp-block-column-is-layout-flow\" style=\"flex-basis:50%\">\n<hr class=\"wp-block-separator has-alpha-channel-opacity Separator ticss-42623a7b\"\/>\n\n\n\n<p>Vanjska kuhinja<\/p>\n<\/div>\n\n\n\n<div class=\"wp-block-column is-layout-flow wp-block-column-is-layout-flow\" style=\"flex-basis:50%\">\n<hr class=\"wp-block-separator has-alpha-channel-opacity Separator ticss-42623a7b\"\/>\n\n\n\n<p>Izra\u0111ena od nehr\u0111aju\u0107eg \u010delika, prilago\u0111ena svim vremenskim uvjetima.<br>Dostupna u tri osnovne \u0161irine.<br>Ugradbeni aparati.<\/p>\n<\/div>\n<\/div>\n\n\n\n<div class=\"wp-block-columns DetailsColumns MainDetailColumns ticss-3946a726 is-layout-flex wp-container-core-columns-is-layout-28f84493 wp-block-columns-is-layout-flex\">\n<div class=\"wp-block-column is-layout-flow wp-block-column-is-layout-flow\" style=\"flex-basis:50%\">\n<p>Kolica<\/p>\n<\/div>\n\n\n\n<div class=\"wp-block-column is-layout-flow wp-block-column-is-layout-flow\" style=\"flex-basis:50%\">\n<p>Izra\u0111ena od visokokvalitetnog nehr\u0111aju\u0107eg \u010delika, s prostranom pripremnom povr\u0161inom.<br>Integrirana daska za rezanje od jasenova drva.<br>Posebni pretinci za pohranu namirnica i potrep\u0161tina.<\/p>\n<\/div>\n<\/div>\n<\/div>\n\n\n\n<div class=\"wp-block-columns Products2and3 ticss-14053ce6 is-layout-flex wp-container-core-columns-is-layout-a34a4e29 wp-block-columns-is-layout-flex\">\n<div class=\"wp-block-column is-layout-flow wp-block-column-is-layout-flow\" style=\"flex-basis:67%\">\n<div class=\"wp-block-group has-global-padding is-layout-constrained wp-block-group-is-layout-constrained\">\n<figure class=\"wp-block-image size-full SolPhoto\"><img decoding=\"async\" src=\"data:image\/gif;base64,R0lGODlhAQABAIAAAAAAAP\/\/\/yH5BAEAAAAALAAAAAABAAEAAAIBRAA7\" data-src=\"https:\/\/terrazza.hr\/wp-content\/uploads\/2025\/06\/terrazza-sol-06-2025.jpg\" alt=\"\" class=\"wp-image-2022 lazyload\" title=\"\"\/><noscript><img decoding=\"async\" width=\"1920\" height=\"1280\" src=\"https:\/\/terrazza.hr\/wp-content\/uploads\/2025\/06\/terrazza-sol-06-2025.jpg\" alt=\"\" class=\"wp-image-2022 lazyload\" title=\"\" srcset=\"https:\/\/terrazza.hr\/wp-content\/uploads\/2025\/06\/terrazza-sol-06-2025.jpg 1920w, https:\/\/terrazza.hr\/wp-content\/uploads\/2025\/06\/terrazza-sol-06-2025-300x200.jpg 300w, https:\/\/terrazza.hr\/wp-content\/uploads\/2025\/06\/terrazza-sol-06-2025-1024x683.jpg 1024w, https:\/\/terrazza.hr\/wp-content\/uploads\/2025\/06\/terrazza-sol-06-2025-768x512.jpg 768w, https:\/\/terrazza.hr\/wp-content\/uploads\/2025\/06\/terrazza-sol-06-2025-1536x1024.jpg 1536w\" sizes=\"(max-width: 1920px) 100vw, 1920px\" \/><\/noscript><\/figure>\n\n\n\n<div class=\"wp-block-group is-content-justification-space-between is-nowrap is-layout-flex wp-container-core-group-is-layout-cb46ffcb wp-block-group-is-layout-flex\">\n<h2 class=\"wp-block-heading ProductNameH2\"><a href=\"https:\/\/terrazza.hr\/hr\/sol-kitchen\/\" data-type=\"link\" data-id=\"https:\/\/terrazza.hr\/hr\/sol-kitchen\/\">Sol<\/a><\/h2>\n\n\n\n<figure class=\"wp-block-image size-full Arrow\"><a href=\"https:\/\/terrazza.hr\/hr\/sol-kitchen\/\"><img decoding=\"async\" src=\"data:image\/gif;base64,R0lGODlhAQABAIAAAAAAAP\/\/\/yH5BAEAAAAALAAAAAABAAEAAAIBRAA7\" data-src=\"https:\/\/terrazza.hr\/wp-content\/uploads\/2024\/10\/Shape.svg\" alt=\"\" class=\"wp-image-427 lazyload\"\/><noscript><img decoding=\"async\" width=\"61\" height=\"60\" src=\"https:\/\/terrazza.hr\/wp-content\/uploads\/2024\/10\/Shape.svg\" alt=\"\" class=\"wp-image-427 lazyload\"\/><\/noscript><\/a><\/figure>\n<\/div>\n\n\n\n<div class=\"wp-block-columns DetailsColumns ticss-62e35a1a is-layout-flex wp-container-core-columns-is-layout-28f84493 wp-block-columns-is-layout-flex\">\n<div class=\"wp-block-column is-layout-flow wp-block-column-is-layout-flow\" style=\"flex-basis:50%\">\n<hr class=\"wp-block-separator has-alpha-channel-opacity Separator ticss-42623a7b\"\/>\n\n\n\n<p>Vanjska kuhinja<\/p>\n<\/div>\n\n\n\n<div class=\"wp-block-column is-layout-flow wp-block-column-is-layout-flow\" style=\"flex-basis:50%\">\n<hr class=\"wp-block-separator has-alpha-channel-opacity Separator ticss-42623a7b\"\/>\n\n\n\n<p>Modularna kuhinja, 7 modula.<br>Izra\u0111ena od masiva hrasta i lokalnog kamena.<br>Ugradbeni aparati.<\/p>\n<\/div>\n<\/div>\n<\/div>\n<\/div>\n\n\n\n<div class=\"wp-block-column is-layout-flow wp-block-column-is-layout-flow\" style=\"flex-basis:33%\">\n<div class=\"wp-block-group has-global-padding is-layout-constrained wp-block-group-is-layout-constrained\">\n<figure class=\"wp-block-image size-full MilkmePhoto\"><a href=\"https:\/\/terrazza.hr\/hr\/milkme-stool\/\"><img decoding=\"async\" src=\"data:image\/gif;base64,R0lGODlhAQABAIAAAAAAAP\/\/\/yH5BAEAAAAALAAAAAABAAEAAAIBRAA7\" data-src=\"https:\/\/terrazza.hr\/wp-content\/uploads\/2024\/11\/terrazza-milkme-7-edited.jpg\" alt=\"\" class=\"wp-image-729 lazyload\"\/><noscript><img decoding=\"async\" width=\"1280\" height=\"960\" src=\"https:\/\/terrazza.hr\/wp-content\/uploads\/2024\/11\/terrazza-milkme-7-edited.jpg\" alt=\"\" class=\"wp-image-729 lazyload\" srcset=\"https:\/\/terrazza.hr\/wp-content\/uploads\/2024\/11\/terrazza-milkme-7-edited.jpg 1280w, https:\/\/terrazza.hr\/wp-content\/uploads\/2024\/11\/terrazza-milkme-7-edited-300x225.jpg 300w, https:\/\/terrazza.hr\/wp-content\/uploads\/2024\/11\/terrazza-milkme-7-edited-1024x768.jpg 1024w, https:\/\/terrazza.hr\/wp-content\/uploads\/2024\/11\/terrazza-milkme-7-edited-768x576.jpg 768w\" sizes=\"(max-width: 1280px) 100vw, 1280px\" \/><\/noscript><\/a><\/figure>\n\n\n\n<div class=\"wp-block-group is-content-justification-space-between is-nowrap is-layout-flex wp-container-core-group-is-layout-cb46ffcb wp-block-group-is-layout-flex\">\n<h2 class=\"wp-block-heading ProductNameH2\"><a href=\"https:\/\/terrazza.hr\/hr\/milkme-stool\/\" data-type=\"page\" data-id=\"35\">MILKme<\/a><\/h2>\n\n\n\n<figure class=\"wp-block-image size-full Arrow\"><a href=\"https:\/\/terrazza.hr\/hr\/milkme-stool\/\"><img decoding=\"async\" src=\"data:image\/gif;base64,R0lGODlhAQABAIAAAAAAAP\/\/\/yH5BAEAAAAALAAAAAABAAEAAAIBRAA7\" data-src=\"https:\/\/terrazza.hr\/wp-content\/uploads\/2024\/10\/Shape.svg\" alt=\"\" class=\"wp-image-427 lazyload\"\/><noscript><img decoding=\"async\" width=\"61\" height=\"60\" src=\"https:\/\/terrazza.hr\/wp-content\/uploads\/2024\/10\/Shape.svg\" alt=\"\" class=\"wp-image-427 lazyload\"\/><\/noscript><\/a><\/figure>\n<\/div>\n\n\n\n<div class=\"wp-block-columns DetailsColumns is-layout-flex wp-container-core-columns-is-layout-28f84493 wp-block-columns-is-layout-flex\">\n<div class=\"wp-block-column is-layout-flow wp-block-column-is-layout-flow\" style=\"flex-basis:50%\">\n<hr class=\"wp-block-separator has-alpha-channel-opacity Separator ticss-42623a7b\"\/>\n\n\n\n<p>Stolica<\/p>\n<\/div>\n\n\n\n<div class=\"wp-block-column is-layout-flow wp-block-column-is-layout-flow\" style=\"flex-basis:50%\">\n<hr class=\"wp-block-separator has-alpha-channel-opacity Separator ticss-42623a7b\"\/>\n\n\n\n<p>Masiv hrasta s mesinganim detaljima.<br>Mogu\u0107nost slaganja jednog na drugi.<\/p>\n<\/div>\n<\/div>\n<\/div>\n<\/div>\n<\/div>\n<\/div>\n","protected":false},"excerpt":{"rendered":"<p>Limoni kolekcija Vanjska kuhinja Izra\u0111ena od nehr\u0111aju\u0107eg \u010delika, prilago\u0111ena svim vremenskim uvjetima.Dostupna u tri osnovne \u0161irine.Ugradbeni aparati. Kolica Izra\u0111ena od visokokvalitetnog nehr\u0111aju\u0107eg \u010delika, s prostranom pripremnom povr\u0161inom.Integrirana daska za rezanje od jasenova drva.Posebni pretinci za pohranu namirnica i potrep\u0161tina. Sol Vanjska kuhinja Modularna kuhinja, 7 modula.Izra\u0111ena od masiva hrasta i lokalnog kamena.Ugradbeni aparati. MILKme Stolica [&hellip;]<\/p>\n","protected":false},"author":1,"featured_media":0,"parent":0,"menu_order":0,"comment_status":"closed","ping_status":"closed","template":"page-no-title","meta":{"_themeisle_gutenberg_block_has_review":false,"footnotes":""},"class_list":["post-1021","page","type-page","status-publish","hentry"],"_links":{"self":[{"href":"https:\/\/terrazza.hr\/hr\/wp-json\/wp\/v2\/pages\/1021","targetHints":{"allow":["GET"]}}],"collection":[{"href":"https:\/\/terrazza.hr\/hr\/wp-json\/wp\/v2\/pages"}],"about":[{"href":"https:\/\/terrazza.hr\/hr\/wp-json\/wp\/v2\/types\/page"}],"author":[{"embeddable":true,"href":"https:\/\/terrazza.hr\/hr\/wp-json\/wp\/v2\/users\/1"}],"replies":[{"embeddable":true,"href":"https:\/\/terrazza.hr\/hr\/wp-json\/wp\/v2\/comments?post=1021"}],"version-history":[{"count":18,"href":"https:\/\/terrazza.hr\/hr\/wp-json\/wp\/v2\/pages\/1021\/revisions"}],"predecessor-version":[{"id":2056,"href":"https:\/\/terrazza.hr\/hr\/wp-json\/wp\/v2\/pages\/1021\/revisions\/2056"}],"wp:attachment":[{"href":"https:\/\/terrazza.hr\/hr\/wp-json\/wp\/v2\/media?parent=1021"}],"curies":[{"name":"wp","href":"https:\/\/api.w.org\/{rel}","templated":true}]}}