{"id":1690,"date":"2024-11-25T11:15:29","date_gmt":"2024-11-25T10:15:29","guid":{"rendered":"https:\/\/terrazza.hr\/funded-by-eu\/"},"modified":"2025-12-13T22:06:27","modified_gmt":"2025-12-13T21:06:27","slug":"funded-by-eu","status":"publish","type":"page","link":"https:\/\/terrazza.hr\/de\/funded-by-eu\/","title":{"rendered":"Finanziert von der EU"},"content":{"rendered":"\n<figure class=\"wp-block-image size-large is-resized\"><img decoding=\"async\" src=\"data:image\/gif;base64,R0lGODlhAQABAIAAAAAAAP\/\/\/yH5BAEAAAAALAAAAAABAAEAAAIBRAA7\" data-src=\"https:\/\/terrazza.hr\/wp-content\/uploads\/2024\/11\/DE_Finanziert_von_der_Europaeischen_Union_RG_POS-edited.png\" alt=\"\" class=\"wp-image-1715 lazyload\" style=\"width:300px\"\/><noscript><img decoding=\"async\" width=\"3824\" height=\"904\" src=\"https:\/\/terrazza.hr\/wp-content\/uploads\/2024\/11\/DE_Finanziert_von_der_Europaeischen_Union_RG_POS-edited.png\" alt=\"\" class=\"wp-image-1715 lazyload\" style=\"width:300px\" srcset=\"https:\/\/terrazza.hr\/wp-content\/uploads\/2024\/11\/DE_Finanziert_von_der_Europaeischen_Union_RG_POS-edited.png 3824w, https:\/\/terrazza.hr\/wp-content\/uploads\/2024\/11\/DE_Finanziert_von_der_Europaeischen_Union_RG_POS-edited-300x71.png 300w, https:\/\/terrazza.hr\/wp-content\/uploads\/2024\/11\/DE_Finanziert_von_der_Europaeischen_Union_RG_POS-edited-1024x242.png 1024w, https:\/\/terrazza.hr\/wp-content\/uploads\/2024\/11\/DE_Finanziert_von_der_Europaeischen_Union_RG_POS-edited-768x182.png 768w, https:\/\/terrazza.hr\/wp-content\/uploads\/2024\/11\/DE_Finanziert_von_der_Europaeischen_Union_RG_POS-edited-1536x363.png 1536w, https:\/\/terrazza.hr\/wp-content\/uploads\/2024\/11\/DE_Finanziert_von_der_Europaeischen_Union_RG_POS-edited-2048x484.png 2048w\" sizes=\"(max-width: 3824px) 100vw, 3824px\" \/><\/noscript><\/figure>\n\n\n\n<p style=\"padding-top:var(--wp--preset--spacing--30)\"><strong>Projekttitel:<\/strong>&nbsp;Internationalisierung des Unternehmens Studio produkt d.o.o. durch die Pr\u00e4sentation von Produkten auf internationalen Messen<br><strong>Titel des Aufrufs zur Einreichung von Projektvorschl\u00e4gen:<\/strong>&nbsp;Unterst\u00fctzung f\u00fcr KMU bei der Internationalisierung<br><strong>Referenznummer des Aufrufs:<\/strong>&nbsp;PK.1.3.10<br><strong>Projektcode:<\/strong>&nbsp;PK.1.3.10.0059<\/p>\n\n\n\n<p><strong>Kurze Projektbeschreibung:<\/strong><br>Das Projekt \u201eInternationalisierung der Produkte von Studio Produkt d.o.o. durch den Auftritt auf internationalen Messen\u201c zielt auf die St\u00e4rkung der internationalen Wettbewerbsf\u00e4higkeit des Unternehmens durch den Eintritt in die M\u00e4rkte der Europ\u00e4ischen Union ab. Das allgemeine Ziel des Projekts ist die Positionierung der Produkte auf ausl\u00e4ndischen M\u00e4rkten, die Steigerung des Exportpotenzials sowie die Erweiterung des Netzwerks von Gesch\u00e4ftspartnern. Durch die Teilnahme an internationalen Messen erh\u00e4lt das Unternehmen direkten Kontakt zu einem Fachpublikum, eine kommerzielle Validierung seiner Produkte und die M\u00f6glichkeit, die Exporterl\u00f6se zu steigern.<br>Die Umsetzung des Projekts gew\u00e4hrleistet langfristige Marktnachhaltigkeit und eine Erweiterung der Gesch\u00e4ftst\u00e4tigkeit \u00fcber die Republik Kroatien hinaus.<\/p>\n\n\n\n<p><strong>Projektbeg\u00fcnstigter:<\/strong>&nbsp;STUDIO PRODUKT d.o.o.<br><strong>Gesamtwert des Projekts:<\/strong>&nbsp;114.919,59 EUR<br><strong>Gesamte f\u00f6rderf\u00e4hige Kosten:<\/strong>&nbsp;109.365,59 EUR<br><strong>EU-Kofinanzierungsbetrag:<\/strong>&nbsp;82.024,19 EUR<br><strong>Durchf\u00fchrungszeitraum:<\/strong>&nbsp;01.12.2025 \u2013 01.12.2027 (24 Monate)<br><strong>Kontaktperson f\u00fcr weitere Informationen:<\/strong>&nbsp;Marina Be\u0161ker Sudari\u0107,&nbsp;<a>studioprodukt@gmail.com<\/a><\/p>\n\n\n\n<div style=\"height:60px\" aria-hidden=\"true\" class=\"wp-block-spacer\"><\/div>\n\n\n\n<hr class=\"wp-block-separator alignwide has-alpha-channel-opacity\"\/>\n\n\n\n<div style=\"height:60px\" aria-hidden=\"true\" class=\"wp-block-spacer\"><\/div>\n\n\n\n<p style=\"padding-top:0\"><strong>Projekttitel:<br>Verbesserung der digitalen Bereitschaft von Studio Produkt d.o.o.<\/strong><\/p>\n\n\n\n<p>Kurze Projektbeschreibung:<br>Das Projekt \u201eVerbesserung der digitalen Bereitschaft von Studio Produkt d.o.o.\u201c befasst sich mit der digitalen Reife des Unternehmens. Das Hauptziel des Projekts ist es, die Wettbewerbsf\u00e4higkeit und Widerstandsf\u00e4higkeit des Unternehmens durch die Verbesserung des Digitalisierungsgrads und die Nutzung digitaler Technologien in den Gesch\u00e4ftsprozessen zu steigern. Zielgruppen, die in die Projektaktivit\u00e4ten einbezogen werden, sind die Mitarbeiter und Lieferanten des Unternehmens sowie die lokale und breitere Bev\u00f6lkerung (Kroatien, EU).<\/p>\n\n\n\n<p>Das zentrale Ergebnis des Projekts ist eine gesteigerte Online-Pr\u00e4senz durch Investitionen in digitales Marketing, was zur St\u00e4rkung der Marktposition und Wettbewerbsf\u00e4higkeit von Studio Produkt d.o.o. beitr\u00e4gt.<\/p>\n\n\n\n<p>Projektbeg\u00fcnstigter: Studio Produkt d.o.o.<\/p>\n\n\n\n<p>Gesamtkosten des Projekts: 12.725,00 \u20ac<br>Gesamte f\u00f6rderf\u00e4hige Ausgaben: 5.320,00 \u20ac<br>EU-Kofinanzierung f\u00fcr das Projekt: 3.192,00 \u20ac<\/p>\n\n\n\n<p>Projektlaufzeit:<br>Vom 4. Dezember 2023 bis zum 4. Dezember 2024 (12 Monate).<\/p>\n\n\n\n<p>Kontakt f\u00fcr weitere Informationen:<br>Dean Sudari\u0107, studioprodukt@gmail.com<\/p>\n\n\n\n<p>\u201eFinanziert von der Europ\u00e4ischen Union \u2013 NextGenerationEU. Die inhaltlichen Aussagen und Meinungen stammen ausschlie\u00dflich vom Autor und spiegeln nicht notwendigerweise die offiziellen Standpunkte der Europ\u00e4ischen Union oder der Europ\u00e4ischen Kommission wider. Weder die Europ\u00e4ische Union noch die Europ\u00e4ische Kommission k\u00f6nnen daf\u00fcr verantwortlich gemacht werden.\u201c<\/p>\n\n\n\n<div style=\"height:60px\" aria-hidden=\"true\" class=\"wp-block-spacer\"><\/div>\n\n\n\n<hr class=\"wp-block-separator alignwide has-alpha-channel-opacity\"\/>\n\n\n\n<div style=\"height:60px\" aria-hidden=\"true\" class=\"wp-block-spacer\"><\/div>\n\n\n\n<p><strong>Projekttitel:<\/strong><br><strong>SMART Modulare Outdoor-K\u00fcche<\/strong><\/p>\n\n\n\n<p>Kurze Projektbeschreibung:<br>Das Projekt \u201eSMART Modulare Outdoor-K\u00fcche\u201c befasst sich mit der Problematik der unzureichenden Sicherheit bei der Nutzung von Outdoor-K\u00fcchen, insbesondere ihrer elektrischen Komponenten. Das Hauptziel des Projekts ist die St\u00e4rkung der Innovationsf\u00e4higkeit des Unternehmens durch die Kommerzialisierung des innovativen Produkts SMART Modulare Outdoor-K\u00fcche und die Einf\u00fchrung eines intelligenten Systems zur Steuerung der K\u00fcchenelemente. Die Zielgruppen, die in die Projektaktivit\u00e4ten einbezogen sind, umfassen die Mitarbeiter und Lieferanten von Studio Produkt d.o.o. sowie die lokale und breitere Bev\u00f6lkerung in Kroatien und der EU.<\/p>\n\n\n\n<p>Das zentrale Ergebnis des Projekts ist eine Steigerung der Anzahl von marktf\u00e4higen Produkten und Dienstleistungen, was zur wirtschaftlichen St\u00e4rkung und zur Minderung des Klimawandels beitr\u00e4gt.<\/p>\n\n\n\n<p>Projektbeg\u00fcnstigter: Studio Produkt d.o.o.<\/p>\n\n\n\n<p>Gesamtkosten des Projekts: 356.823,04 \u20ac<br>Gesamte f\u00f6rderf\u00e4hige Ausgaben: 286.694,27 \u20ac<br>EU-Kofinanzierung f\u00fcr das Projekt: 167.741,58 \u20ac<\/p>\n\n\n\n<p>Projektlaufzeit:<br>24 Monate, vom 2. Januar 2023 bis zum 2. Januar 2025<\/p>\n\n\n\n<p>Kontakt f\u00fcr weitere Informationen:<br>Dean Sudari\u0107, studioprodukt@gmail.com<\/p>\n\n\n\n<p>\u201eDieses Projekt wird von der Europ\u00e4ischen Union \u2013 NextGenerationEU finanziert. Die in diesem Dokument ge\u00e4u\u00dferten Ansichten und Meinungen sind ausschlie\u00dflich die des Autors und spiegeln nicht unbedingt die offiziellen Standpunkte der Europ\u00e4ischen Union oder der Europ\u00e4ischen Kommission wider. Weder die Europ\u00e4ische Union noch die Europ\u00e4ische Kommission k\u00f6nnen daf\u00fcr verantwortlich gemacht werden.\u201c<\/p>\n","protected":false},"excerpt":{"rendered":"<p>Projekttitel:&nbsp;Internationalisierung des Unternehmens Studio produkt d.o.o. durch die Pr\u00e4sentation von Produkten auf internationalen MessenTitel des Aufrufs zur Einreichung von Projektvorschl\u00e4gen:&nbsp;Unterst\u00fctzung f\u00fcr KMU bei der InternationalisierungReferenznummer des Aufrufs:&nbsp;PK.1.3.10Projektcode:&nbsp;PK.1.3.10.0059 Kurze Projektbeschreibung:Das Projekt \u201eInternationalisierung der Produkte von Studio Produkt d.o.o. durch den Auftritt auf internationalen Messen\u201c zielt auf die St\u00e4rkung der internationalen Wettbewerbsf\u00e4higkeit des Unternehmens durch den Eintritt [&hellip;]<\/p>\n","protected":false},"author":1,"featured_media":0,"parent":0,"menu_order":0,"comment_status":"closed","ping_status":"closed","template":"","meta":{"_themeisle_gutenberg_block_has_review":false,"footnotes":""},"class_list":["post-1690","page","type-page","status-publish","hentry"],"_links":{"self":[{"href":"https:\/\/terrazza.hr\/de\/wp-json\/wp\/v2\/pages\/1690","targetHints":{"allow":["GET"]}}],"collection":[{"href":"https:\/\/terrazza.hr\/de\/wp-json\/wp\/v2\/pages"}],"about":[{"href":"https:\/\/terrazza.hr\/de\/wp-json\/wp\/v2\/types\/page"}],"author":[{"embeddable":true,"href":"https:\/\/terrazza.hr\/de\/wp-json\/wp\/v2\/users\/1"}],"replies":[{"embeddable":true,"href":"https:\/\/terrazza.hr\/de\/wp-json\/wp\/v2\/comments?post=1690"}],"version-history":[{"count":9,"href":"https:\/\/terrazza.hr\/de\/wp-json\/wp\/v2\/pages\/1690\/revisions"}],"predecessor-version":[{"id":2256,"href":"https:\/\/terrazza.hr\/de\/wp-json\/wp\/v2\/pages\/1690\/revisions\/2256"}],"wp:attachment":[{"href":"https:\/\/terrazza.hr\/de\/wp-json\/wp\/v2\/media?parent=1690"}],"curies":[{"name":"wp","href":"https:\/\/api.w.org\/{rel}","templated":true}]}}