{"id":1461,"date":"2024-10-23T08:49:07","date_gmt":"2024-10-23T06:49:07","guid":{"rendered":"https:\/\/terrazza.hr\/?page_id=1461"},"modified":"2025-10-01T00:09:43","modified_gmt":"2025-09-30T22:09:43","slug":"milkme-stool","status":"publish","type":"page","link":"https:\/\/terrazza.hr\/de\/milkme-stool\/","title":{"rendered":"MILKme Hocker"},"content":{"rendered":"\n<div class=\"wp-block-group SmallNavMargin ProductHeroImg ticss-03628a53 has-global-padding is-content-justification-right is-layout-constrained wp-container-core-group-is-layout-f1f2ed93 wp-block-group-is-layout-constrained\">\n<figure class=\"wp-block-image size-full ticss-7eccc086\"><img decoding=\"async\" src=\"data:image\/gif;base64,R0lGODlhAQABAIAAAAAAAP\/\/\/yH5BAEAAAAALAAAAAABAAEAAAIBRAA7\" data-src=\"https:\/\/terrazza.hr\/wp-content\/uploads\/2024\/11\/terrazza-milkme-7-edited.jpg\" alt=\"\" class=\"wp-image-729 lazyload\" title=\"\"\/><noscript><img decoding=\"async\" width=\"1280\" height=\"960\" src=\"https:\/\/terrazza.hr\/wp-content\/uploads\/2024\/11\/terrazza-milkme-7-edited.jpg\" alt=\"\" class=\"wp-image-729 lazyload\" title=\"\" srcset=\"https:\/\/terrazza.hr\/wp-content\/uploads\/2024\/11\/terrazza-milkme-7-edited.jpg 1280w, https:\/\/terrazza.hr\/wp-content\/uploads\/2024\/11\/terrazza-milkme-7-edited-300x225.jpg 300w, https:\/\/terrazza.hr\/wp-content\/uploads\/2024\/11\/terrazza-milkme-7-edited-1024x768.jpg 1024w, https:\/\/terrazza.hr\/wp-content\/uploads\/2024\/11\/terrazza-milkme-7-edited-768x576.jpg 768w\" sizes=\"(max-width: 1280px) 100vw, 1280px\" \/><\/noscript><\/figure>\n<\/div>\n\n\n\n<div class=\"wp-block-group has-global-padding is-layout-constrained wp-block-group-is-layout-constrained\">\n<h2 class=\"wp-block-heading ProductNameH2 SmallNavMargin\" style=\"padding-top:var(--wp--preset--spacing--10);padding-bottom:var(--wp--preset--spacing--10)\">MILKme \/ <a href=\"https:\/\/konfigurator.terrazza.hr\/steps\/terrazza\/undefined\/shopping-cart-step\/configurator-step\/886\/undefined\/three-product-configuration-step\/attribute-editing\"><mark style=\"background-color:rgba(0, 0, 0, 0);color:#ffae00\" class=\"has-inline-color\">Konfigurieren<\/mark><\/a><\/h2>\n\n\n\n<div id=\"wp-block-themeisle-blocks-accordion-04d084ee\" data-has-schema=\"false\" class=\"wp-block-themeisle-blocks-accordion exclusive has-gap has-icon has-open-icon ticss-4e162ddd\">\n<details class=\"wp-block-themeisle-blocks-accordion-item\"><summary class=\"wp-block-themeisle-blocks-accordion-item__title\"><div>Abmessungen<\/div><\/summary><div class=\"wp-block-themeisle-blocks-accordion-item__content\">\n<div class=\"wp-block-group is-content-justification-center is-nowrap is-layout-flex wp-container-core-group-is-layout-1bd719e0 wp-block-group-is-layout-flex\" style=\"padding-top:var(--wp--preset--spacing--60)\">\n<figure class=\"wp-block-image size-full is-resized\"><img decoding=\"async\" src=\"data:image\/gif;base64,R0lGODlhAQABAIAAAAAAAP\/\/\/yH5BAEAAAAALAAAAAABAAEAAAIBRAA7\" data-src=\"https:\/\/terrazza.hr\/wp-content\/uploads\/2024\/11\/milkme-stool-edited.png\" alt=\"\" class=\"wp-image-1419 lazyload\" style=\"width:291px;height:auto\"\/><noscript><img decoding=\"async\" width=\"998\" height=\"1026\" src=\"https:\/\/terrazza.hr\/wp-content\/uploads\/2024\/11\/milkme-stool-edited.png\" alt=\"\" class=\"wp-image-1419 lazyload\" style=\"width:291px;height:auto\" srcset=\"https:\/\/terrazza.hr\/wp-content\/uploads\/2024\/11\/milkme-stool-edited.png 998w, https:\/\/terrazza.hr\/wp-content\/uploads\/2024\/11\/milkme-stool-edited-292x300.png 292w, https:\/\/terrazza.hr\/wp-content\/uploads\/2024\/11\/milkme-stool-edited-996x1024.png 996w, https:\/\/terrazza.hr\/wp-content\/uploads\/2024\/11\/milkme-stool-edited-768x790.png 768w\" sizes=\"(max-width: 998px) 100vw, 998px\" \/><\/noscript><\/figure>\n<\/div>\n\n\n\n<p>H\u00f6he 38 cm, Fl\u00e4che des Sitzteils 52 cm x 33 cm<\/p>\n<\/div><\/details>\n\n\n\n<details class=\"wp-block-themeisle-blocks-accordion-item\"><summary class=\"wp-block-themeisle-blocks-accordion-item__title\"><div>Merkmale<\/div><\/summary><div class=\"wp-block-themeisle-blocks-accordion-item__content\">\n<p class=\"width665\" style=\"padding-top:var(--wp--preset--spacing--60)\">Der Milk Stool zeichnet sich durch Details aus Messing an den Beinen und eine gro\u00dfz\u00fcgige Sitzfl\u00e4che aus, die f\u00fcr Komfort sorgt. Er kann sowohl als Sitzgelegenheit als auch als Caf\u00e9hocker zum Abstellen von Gegenst\u00e4nden verwendet werden, was ihn zu einem vielseitigen M\u00f6belst\u00fcck f\u00fcr jeden Raum macht. Dar\u00fcber hinaus erm\u00f6glicht das Loch in der Mitte eine einfache Stapelung, wenn er nicht in Gebrauch ist.<\/p>\n<\/div><\/details>\n\n\n\n<details class=\"wp-block-themeisle-blocks-accordion-item\"><summary class=\"wp-block-themeisle-blocks-accordion-item__title\"><div>Materialien<\/div><\/summary><div class=\"wp-block-themeisle-blocks-accordion-item__content\">\n<div class=\"wp-block-group is-nowrap is-layout-flex wp-container-core-group-is-layout-38dba6c9 wp-block-group-is-layout-flex\" style=\"padding-top:var(--wp--preset--spacing--60)\">\n<div class=\"wp-block-group is-vertical is-layout-flex wp-container-core-group-is-layout-fe9cc265 wp-block-group-is-layout-flex\">\n<figure class=\"wp-block-image size-full is-resized\"><img decoding=\"async\" src=\"data:image\/gif;base64,R0lGODlhAQABAIAAAAAAAP\/\/\/yH5BAEAAAAALAAAAAABAAEAAAIBRAA7\" data-src=\"https:\/\/terrazza.hr\/wp-content\/uploads\/2024\/11\/material-sol-oak.jpeg\" alt=\"\" class=\"wp-image-852 lazyload\" style=\"object-fit:cover;width:275px;height:90px\"\/><noscript><img decoding=\"async\" width=\"564\" height=\"504\" src=\"https:\/\/terrazza.hr\/wp-content\/uploads\/2024\/11\/material-sol-oak.jpeg\" alt=\"\" class=\"wp-image-852 lazyload\" style=\"object-fit:cover;width:275px;height:90px\" srcset=\"https:\/\/terrazza.hr\/wp-content\/uploads\/2024\/11\/material-sol-oak.jpeg 564w, https:\/\/terrazza.hr\/wp-content\/uploads\/2024\/11\/material-sol-oak-300x268.jpeg 300w\" sizes=\"(max-width: 564px) 100vw, 564px\" \/><\/noscript><\/figure>\n\n\n\n<p class=\"has-small-font-size\">Eiche<\/p>\n<\/div>\n\n\n\n<div class=\"wp-block-group is-vertical is-layout-flex wp-container-core-group-is-layout-fe9cc265 wp-block-group-is-layout-flex\">\n<figure class=\"wp-block-image size-full is-resized\"><img decoding=\"async\" src=\"data:image\/gif;base64,R0lGODlhAQABAIAAAAAAAP\/\/\/yH5BAEAAAAALAAAAAABAAEAAAIBRAA7\" data-src=\"https:\/\/terrazza.hr\/wp-content\/uploads\/2024\/11\/material-milkme-brass.jpeg\" alt=\"\" class=\"wp-image-856 lazyload\" style=\"object-fit:cover;width:275px;height:90px\"\/><noscript><img decoding=\"async\" width=\"350\" height=\"350\" src=\"https:\/\/terrazza.hr\/wp-content\/uploads\/2024\/11\/material-milkme-brass.jpeg\" alt=\"\" class=\"wp-image-856 lazyload\" style=\"object-fit:cover;width:275px;height:90px\" srcset=\"https:\/\/terrazza.hr\/wp-content\/uploads\/2024\/11\/material-milkme-brass.jpeg 350w, https:\/\/terrazza.hr\/wp-content\/uploads\/2024\/11\/material-milkme-brass-300x300.jpeg 300w, https:\/\/terrazza.hr\/wp-content\/uploads\/2024\/11\/material-milkme-brass-150x150.jpeg 150w\" sizes=\"(max-width: 350px) 100vw, 350px\" \/><\/noscript><\/figure>\n\n\n\n<p class=\"has-small-font-size\">Messing<\/p>\n<\/div>\n<\/div>\n<\/div><\/details>\n\n\n\n<details class=\"wp-block-themeisle-blocks-accordion-item\"><summary class=\"wp-block-themeisle-blocks-accordion-item__title\"><div>Pflege &amp; Wartung<\/div><\/summary><div class=\"wp-block-themeisle-blocks-accordion-item__content\">\n<p class=\"width665\" style=\"padding-top:var(--wp--preset--spacing--60)\">Staub entfernen Sie mit einem weichen, trockenen Tuch, um Schmutz und Ablagerungen zu beseitigen. Vermeiden scharfe Chemikalien. Stellen Sie sicher, dass der Hocker nicht direkter Sonneneinstrahlung ausgesetzt wird, um das Ausbleichen des Holzes und das Anlaufen des Messings zu verhindern. Reinigen Sie das Messing mit einem weichen Tuch und einem Messingreiniger, um den Glanz zu bewahren. Vermeiden Sie die Verwendung von abrasiven Materialien, die die Oberfl\u00e4che zerkratzen k\u00f6nnten.<\/p>\n<\/div><\/details>\n<\/div>\n<\/div>\n\n\n\n<hr class=\"wp-block-separator alignwide has-text-color has-alpha-channel-opacity has-background\" style=\"margin-top:0px;margin-bottom:0px;background-color:#808080;color:#808080\"\/>\n\n\n\n<div class=\"wp-block-group has-global-padding is-layout-constrained wp-block-group-is-layout-constrained\">\n<h2 class=\"wp-block-heading width1370 UpMargin\">Hergestellt aus Holz und Messing, entwickelt dieser Hocker mit der Zeit. Das Messing bildet eine reiche Patina, die seinen Charakter verst\u00e4rkt und die Verbindung zwischen den nat\u00fcrlichen Materialien vertieft.<\/h2>\n<\/div>\n\n\n\n<div class=\"wp-block-group SmallNavMargin ImagesBlock ticss-10e3829d has-global-padding is-layout-constrained wp-block-group-is-layout-constrained\">\n<figure class=\"wp-block-image size-full Milkme1 ticss-6a06f1c7\"><img decoding=\"async\" src=\"data:image\/gif;base64,R0lGODlhAQABAIAAAAAAAP\/\/\/yH5BAEAAAAALAAAAAABAAEAAAIBRAA7\" data-src=\"https:\/\/terrazza.hr\/wp-content\/uploads\/2024\/11\/terrazza-milkme-1.jpg\" alt=\"\" class=\"wp-image-806 lazyload\"\/><noscript><img decoding=\"async\" width=\"1280\" height=\"1920\" src=\"https:\/\/terrazza.hr\/wp-content\/uploads\/2024\/11\/terrazza-milkme-1.jpg\" alt=\"\" class=\"wp-image-806 lazyload\" srcset=\"https:\/\/terrazza.hr\/wp-content\/uploads\/2024\/11\/terrazza-milkme-1.jpg 1280w, https:\/\/terrazza.hr\/wp-content\/uploads\/2024\/11\/terrazza-milkme-1-200x300.jpg 200w, https:\/\/terrazza.hr\/wp-content\/uploads\/2024\/11\/terrazza-milkme-1-683x1024.jpg 683w, https:\/\/terrazza.hr\/wp-content\/uploads\/2024\/11\/terrazza-milkme-1-768x1152.jpg 768w, https:\/\/terrazza.hr\/wp-content\/uploads\/2024\/11\/terrazza-milkme-1-1024x1536.jpg 1024w\" sizes=\"(max-width: 1280px) 100vw, 1280px\" \/><\/noscript><\/figure>\n\n\n\n<figure class=\"wp-block-image alignwide size-full Milkme2 ticss-9d5a7759\"><img decoding=\"async\" src=\"data:image\/gif;base64,R0lGODlhAQABAIAAAAAAAP\/\/\/yH5BAEAAAAALAAAAAABAAEAAAIBRAA7\" data-src=\"https:\/\/terrazza.hr\/wp-content\/uploads\/2024\/11\/terrazza-milkme-6.jpg\" alt=\"\" class=\"wp-image-968 lazyload\"\/><noscript><img decoding=\"async\" width=\"1920\" height=\"1280\" src=\"https:\/\/terrazza.hr\/wp-content\/uploads\/2024\/11\/terrazza-milkme-6.jpg\" alt=\"\" class=\"wp-image-968 lazyload\" srcset=\"https:\/\/terrazza.hr\/wp-content\/uploads\/2024\/11\/terrazza-milkme-6.jpg 1920w, https:\/\/terrazza.hr\/wp-content\/uploads\/2024\/11\/terrazza-milkme-6-300x200.jpg 300w, https:\/\/terrazza.hr\/wp-content\/uploads\/2024\/11\/terrazza-milkme-6-1024x683.jpg 1024w, https:\/\/terrazza.hr\/wp-content\/uploads\/2024\/11\/terrazza-milkme-6-768x512.jpg 768w, https:\/\/terrazza.hr\/wp-content\/uploads\/2024\/11\/terrazza-milkme-6-1536x1024.jpg 1536w\" sizes=\"(max-width: 1920px) 100vw, 1920px\" \/><\/noscript><\/figure>\n\n\n\n<div class=\"wp-block-columns are-vertically-aligned-bottom ticss-c6bd7295 Milkme3 is-layout-flex wp-container-core-columns-is-layout-14cf5ab5 wp-block-columns-is-layout-flex\">\n<div class=\"wp-block-column is-vertically-aligned-bottom is-layout-flow wp-block-column-is-layout-flow\" style=\"flex-basis:40%\">\n<figure class=\"wp-block-image size-full\"><img decoding=\"async\" src=\"data:image\/gif;base64,R0lGODlhAQABAIAAAAAAAP\/\/\/yH5BAEAAAAALAAAAAABAAEAAAIBRAA7\" data-src=\"https:\/\/terrazza.hr\/wp-content\/uploads\/2024\/11\/terrazza-milkme-14.jpg\" alt=\"\" class=\"wp-image-970 lazyload\"\/><noscript><img decoding=\"async\" width=\"1280\" height=\"1920\" src=\"https:\/\/terrazza.hr\/wp-content\/uploads\/2024\/11\/terrazza-milkme-14.jpg\" alt=\"\" class=\"wp-image-970 lazyload\" srcset=\"https:\/\/terrazza.hr\/wp-content\/uploads\/2024\/11\/terrazza-milkme-14.jpg 1280w, https:\/\/terrazza.hr\/wp-content\/uploads\/2024\/11\/terrazza-milkme-14-200x300.jpg 200w, https:\/\/terrazza.hr\/wp-content\/uploads\/2024\/11\/terrazza-milkme-14-683x1024.jpg 683w, https:\/\/terrazza.hr\/wp-content\/uploads\/2024\/11\/terrazza-milkme-14-768x1152.jpg 768w, https:\/\/terrazza.hr\/wp-content\/uploads\/2024\/11\/terrazza-milkme-14-1024x1536.jpg 1024w\" sizes=\"(max-width: 1280px) 100vw, 1280px\" \/><\/noscript><\/figure>\n<\/div>\n\n\n\n<div class=\"wp-block-column is-vertically-aligned-bottom is-layout-flow wp-block-column-is-layout-flow\" style=\"flex-basis:60%\">\n<figure class=\"wp-block-image size-full\"><img decoding=\"async\" src=\"data:image\/gif;base64,R0lGODlhAQABAIAAAAAAAP\/\/\/yH5BAEAAAAALAAAAAABAAEAAAIBRAA7\" data-src=\"https:\/\/terrazza.hr\/wp-content\/uploads\/2024\/11\/terrazza-milkme-15.jpg\" alt=\"\" class=\"wp-image-972 lazyload\"\/><noscript><img decoding=\"async\" width=\"1392\" height=\"1920\" src=\"https:\/\/terrazza.hr\/wp-content\/uploads\/2024\/11\/terrazza-milkme-15.jpg\" alt=\"\" class=\"wp-image-972 lazyload\" srcset=\"https:\/\/terrazza.hr\/wp-content\/uploads\/2024\/11\/terrazza-milkme-15.jpg 1392w, https:\/\/terrazza.hr\/wp-content\/uploads\/2024\/11\/terrazza-milkme-15-218x300.jpg 218w, https:\/\/terrazza.hr\/wp-content\/uploads\/2024\/11\/terrazza-milkme-15-742x1024.jpg 742w, https:\/\/terrazza.hr\/wp-content\/uploads\/2024\/11\/terrazza-milkme-15-768x1059.jpg 768w, https:\/\/terrazza.hr\/wp-content\/uploads\/2024\/11\/terrazza-milkme-15-1114x1536.jpg 1114w\" sizes=\"(max-width: 1392px) 100vw, 1392px\" \/><\/noscript><\/figure>\n<\/div>\n<\/div>\n<\/div>\n\n\n\n<div class=\"wp-block-group has-global-padding is-layout-constrained wp-block-group-is-layout-constrained\" style=\"border-top-width:1px;margin-top:var(--wp--preset--spacing--30);margin-bottom:var(--wp--preset--spacing--30);padding-top:var(--wp--preset--spacing--20);padding-bottom:var(--wp--preset--spacing--20)\">\n<p class=\"DownMargin SmallNavMargin\">WEITERE INFORMATIONEN ANFORDERN<\/p>\n\n\n\n<div class=\"wp-block-columns is-layout-flex wp-container-core-columns-is-layout-28f84493 wp-block-columns-is-layout-flex\">\n<div class=\"wp-block-column is-vertically-aligned-center is-layout-flow wp-block-column-is-layout-flow\">\n<p>Interessiert an diesem einzigartigen St\u00fcck? Kontaktieren Sie uns f\u00fcr weitere Details, Anpassungsoptionen und Preisangaben. Wir sind gerne f\u00fcr Sie da, um die perfekte L\u00f6sung f\u00fcr Ihren Raum zu finden.<\/p>\n<\/div>\n\n\n\n<div class=\"wp-block-column is-vertically-aligned-top is-layout-flow wp-block-column-is-layout-flow\">\n<div class=\"wp-block-buttons is-layout-flex wp-block-buttons-is-layout-flex\">\n<div class=\"wp-block-button has-custom-width wp-block-button__width-100\"><a class=\"wp-block-button__link wp-element-button\" href=\"https:\/\/terrazza.hr\/de\/contact\/\" style=\"border-radius:0px;text-transform:capitalize\">Kontaktieren Sie uns<\/a><\/div>\n<\/div>\n<\/div>\n<\/div>\n<\/div>\n\n\n\n<div class=\"wp-block-group alignfull OtherProducts has-custom-gray-background-color has-background has-global-padding is-layout-constrained wp-block-group-is-layout-constrained\" style=\"margin-top:0px;margin-bottom:0px;padding-top:var(--wp--preset--spacing--20);padding-bottom:var(--wp--preset--spacing--20)\">\n<p class=\"DownMargin SmallNavMargin\">ANDERE PRODUKTE<\/p>\n\n\n\n<div class=\"wp-block-columns is-not-stacked-on-mobile OtherProducts ticss-28d85429 is-layout-flex wp-container-core-columns-is-layout-00ff1643 wp-block-columns-is-layout-flex\" style=\"margin-bottom:var(--wp--preset--spacing--20)\">\n<div class=\"wp-block-column is-layout-flow wp-block-column-is-layout-flow\">\n<figure class=\"wp-block-image size-large ProductPhoto\"><a href=\"https:\/\/terrazza.hr\/de\/limoni-kitchen\/\"><img decoding=\"async\" src=\"data:image\/gif;base64,R0lGODlhAQABAIAAAAAAAP\/\/\/yH5BAEAAAAALAAAAAABAAEAAAIBRAA7\" data-src=\"https:\/\/terrazza.hr\/wp-content\/uploads\/2024\/11\/terrazza-limoni-3-edited-1024x767.jpg\" alt=\"\" class=\"wp-image-815 lazyload\"\/><noscript><img decoding=\"async\" width=\"1024\" height=\"767\" src=\"https:\/\/terrazza.hr\/wp-content\/uploads\/2024\/11\/terrazza-limoni-3-edited-1024x767.jpg\" alt=\"\" class=\"wp-image-815 lazyload\" srcset=\"https:\/\/terrazza.hr\/wp-content\/uploads\/2024\/11\/terrazza-limoni-3-edited-1024x767.jpg 1024w, https:\/\/terrazza.hr\/wp-content\/uploads\/2024\/11\/terrazza-limoni-3-edited-300x225.jpg 300w, https:\/\/terrazza.hr\/wp-content\/uploads\/2024\/11\/terrazza-limoni-3-edited-768x576.jpg 768w, https:\/\/terrazza.hr\/wp-content\/uploads\/2024\/11\/terrazza-limoni-3-edited-1536x1151.jpg 1536w, https:\/\/terrazza.hr\/wp-content\/uploads\/2024\/11\/terrazza-limoni-3-edited.jpg 1708w\" sizes=\"(max-width: 1024px) 100vw, 1024px\" \/><\/noscript><\/a><\/figure>\n\n\n\n<div class=\"wp-block-group is-content-justification-space-between is-nowrap is-layout-flex wp-container-core-group-is-layout-cb46ffcb wp-block-group-is-layout-flex\">\n<h2 class=\"wp-block-heading\"><a href=\"https:\/\/terrazza.hr\/de\/limoni-kitchen\/\" data-type=\"page\" data-id=\"1455\">Limoni Sammlung<\/a><\/h2>\n\n\n\n<figure class=\"wp-block-image size-full Arrow\"><a href=\"https:\/\/terrazza.hr\/de\/limoni-kitchen\/\"><img decoding=\"async\" src=\"data:image\/gif;base64,R0lGODlhAQABAIAAAAAAAP\/\/\/yH5BAEAAAAALAAAAAABAAEAAAIBRAA7\" data-src=\"https:\/\/terrazza.hr\/wp-content\/uploads\/2024\/10\/Shape.svg\" alt=\"\" class=\"wp-image-427 lazyload\"\/><noscript><img decoding=\"async\" width=\"61\" height=\"60\" src=\"https:\/\/terrazza.hr\/wp-content\/uploads\/2024\/10\/Shape.svg\" alt=\"\" class=\"wp-image-427 lazyload\"\/><\/noscript><\/a><\/figure>\n<\/div>\n<\/div>\n\n\n\n<div class=\"wp-block-column is-layout-flow wp-block-column-is-layout-flow\">\n<figure class=\"wp-block-image size-large ProductPhoto\"><a href=\"https:\/\/terrazza.hr\/de\/sol-kitchen\/\"><img decoding=\"async\" src=\"data:image\/gif;base64,R0lGODlhAQABAIAAAAAAAP\/\/\/yH5BAEAAAAALAAAAAABAAEAAAIBRAA7\" data-src=\"https:\/\/terrazza.hr\/wp-content\/uploads\/2024\/11\/terrazza-sol-1-1-edited-1024x768.jpg\" alt=\"\" class=\"wp-image-732 lazyload\"\/><noscript><img decoding=\"async\" width=\"1024\" height=\"768\" src=\"https:\/\/terrazza.hr\/wp-content\/uploads\/2024\/11\/terrazza-sol-1-1-edited-1024x768.jpg\" alt=\"\" class=\"wp-image-732 lazyload\" srcset=\"https:\/\/terrazza.hr\/wp-content\/uploads\/2024\/11\/terrazza-sol-1-1-edited-1024x768.jpg 1024w, https:\/\/terrazza.hr\/wp-content\/uploads\/2024\/11\/terrazza-sol-1-1-edited-300x225.jpg 300w, https:\/\/terrazza.hr\/wp-content\/uploads\/2024\/11\/terrazza-sol-1-1-edited-768x576.jpg 768w, https:\/\/terrazza.hr\/wp-content\/uploads\/2024\/11\/terrazza-sol-1-1-edited.jpg 1407w\" sizes=\"(max-width: 1024px) 100vw, 1024px\" \/><\/noscript><\/a><\/figure>\n\n\n\n<div class=\"wp-block-group is-content-justification-space-between is-nowrap is-layout-flex wp-container-core-group-is-layout-cb46ffcb wp-block-group-is-layout-flex\">\n<h2 class=\"wp-block-heading\"><a href=\"https:\/\/terrazza.hr\/de\/sol-kitchen\/\" data-type=\"page\" data-id=\"1471\">Sol<\/a><\/h2>\n\n\n\n<figure class=\"wp-block-image size-full Arrow\"><a href=\"https:\/\/terrazza.hr\/de\/sol-kitchen\/\"><img decoding=\"async\" src=\"data:image\/gif;base64,R0lGODlhAQABAIAAAAAAAP\/\/\/yH5BAEAAAAALAAAAAABAAEAAAIBRAA7\" data-src=\"https:\/\/terrazza.hr\/wp-content\/uploads\/2024\/10\/Shape.svg\" alt=\"\" class=\"wp-image-427 lazyload\"\/><noscript><img decoding=\"async\" width=\"61\" height=\"60\" src=\"https:\/\/terrazza.hr\/wp-content\/uploads\/2024\/10\/Shape.svg\" alt=\"\" class=\"wp-image-427 lazyload\"\/><\/noscript><\/a><\/figure>\n<\/div>\n<\/div>\n<\/div>\n<\/div>\n","protected":false},"excerpt":{"rendered":"<p>MILKme \/ Konfigurieren Hergestellt aus Holz und Messing, entwickelt dieser Hocker mit der Zeit. Das Messing bildet eine reiche Patina, die seinen Charakter verst\u00e4rkt und die Verbindung zwischen den nat\u00fcrlichen Materialien vertieft. WEITERE INFORMATIONEN ANFORDERN Interessiert an diesem einzigartigen St\u00fcck? Kontaktieren Sie uns f\u00fcr weitere Details, Anpassungsoptionen und Preisangaben. Wir sind gerne f\u00fcr Sie da, [&hellip;]<\/p>\n","protected":false},"author":1,"featured_media":0,"parent":0,"menu_order":0,"comment_status":"closed","ping_status":"closed","template":"page-no-title","meta":{"_themeisle_gutenberg_block_has_review":false,"footnotes":""},"class_list":["post-1461","page","type-page","status-publish","hentry"],"_links":{"self":[{"href":"https:\/\/terrazza.hr\/de\/wp-json\/wp\/v2\/pages\/1461","targetHints":{"allow":["GET"]}}],"collection":[{"href":"https:\/\/terrazza.hr\/de\/wp-json\/wp\/v2\/pages"}],"about":[{"href":"https:\/\/terrazza.hr\/de\/wp-json\/wp\/v2\/types\/page"}],"author":[{"embeddable":true,"href":"https:\/\/terrazza.hr\/de\/wp-json\/wp\/v2\/users\/1"}],"replies":[{"embeddable":true,"href":"https:\/\/terrazza.hr\/de\/wp-json\/wp\/v2\/comments?post=1461"}],"version-history":[{"count":10,"href":"https:\/\/terrazza.hr\/de\/wp-json\/wp\/v2\/pages\/1461\/revisions"}],"predecessor-version":[{"id":2246,"href":"https:\/\/terrazza.hr\/de\/wp-json\/wp\/v2\/pages\/1461\/revisions\/2246"}],"wp:attachment":[{"href":"https:\/\/terrazza.hr\/de\/wp-json\/wp\/v2\/media?parent=1461"}],"curies":[{"name":"wp","href":"https:\/\/api.w.org\/{rel}","templated":true}]}}