{"id":1441,"date":"2024-10-09T10:06:27","date_gmt":"2024-10-09T08:06:27","guid":{"rendered":"https:\/\/terrazza.hr\/?page_id=1441"},"modified":"2025-09-23T22:44:16","modified_gmt":"2025-09-23T20:44:16","slug":"homepage","status":"publish","type":"page","link":"https:\/\/terrazza.hr\/de\/","title":{"rendered":"Startseite"},"content":{"rendered":"\n<figure class=\"wp-block-video alignfull ticss-fa444161 HomeVideo\"><video class=\"lazyload\" height=\"1080\" style=\"aspect-ratio: 1920 \/ 1080;\" width=\"1920\" autoplay loop muted data-src=\"https:\/\/terrazza.hr\/wp-content\/uploads\/2024\/11\/terrazza-video-optimized-1.mp4\" playsinline><\/video><\/figure>\n\n\n\n<div class=\"wp-block-group SmallNavMargin HomeIntroText has-global-padding is-layout-constrained wp-block-group-is-layout-constrained\" style=\"margin-bottom:var(--wp--preset--spacing--60)\">\n<p class=\"has-hot-sans-font-family\">WIR SIND TERRAZZA<\/p>\n\n\n\n<h2 class=\"wp-block-heading ProductNameH2 width1370 has-punta-font-family\" style=\"margin-top:10px\">&amp; Wir kreieren Outdoor-M\u00f6bel, inspiriert von der mediterranen Tradition des Genusses. Unsere Designs fangen die entspannte, zeitlose Sch\u00f6nheit des mediterranen Lebensstils ein und bringen dieses Gef\u00fchl von Freude und Verbundenheit in Ihre Au\u00dfenbereiche.<\/h2>\n\n\n\n<div class=\"wp-block-buttons is-layout-flex wp-block-buttons-is-layout-flex\" style=\"margin-top:60px\">\n<div class=\"wp-block-button\"><a class=\"wp-block-button__link has-base-color has-contrast-3-background-color has-text-color has-background has-link-color has-custom-font-size wp-element-button\" href=\"https:\/\/konfigurator.terrazza.hr\/steps\/terrazza\/undefined\/shopping-cart-step\/configurator-step\/series-select-step\" style=\"border-radius:0px;padding-top:var(--wp--preset--spacing--10);padding-bottom:var(--wp--preset--spacing--10);font-size:clamp(15.747px, 0.984rem + ((1vw - 3.2px) * 0.516), 24px);\">Konfigurieren<\/a><\/div>\n<\/div>\n<\/div>\n\n\n\n<div class=\"wp-block-group Products UpMargin DownMargin ticss-eb204b69 has-global-padding is-layout-constrained wp-block-group-is-layout-constrained\">\n<p>UNSERE PRODUKTE<\/p>\n\n\n\n<div class=\"wp-block-group has-global-padding is-layout-constrained wp-block-group-is-layout-constrained\" style=\"margin-top:10px\">\n<figure class=\"wp-block-image size-full LimoniPhoto ticss-09680b9e\"><img decoding=\"async\" src=\"data:image\/gif;base64,R0lGODlhAQABAIAAAAAAAP\/\/\/yH5BAEAAAAALAAAAAABAAEAAAIBRAA7\" data-src=\"https:\/\/terrazza.hr\/wp-content\/uploads\/2025\/06\/terrazza-limoni-06-2025.jpg\" alt=\"\" class=\"wp-image-2017 lazyload\"\/><noscript><img decoding=\"async\" width=\"1920\" height=\"1280\" src=\"https:\/\/terrazza.hr\/wp-content\/uploads\/2025\/06\/terrazza-limoni-06-2025.jpg\" alt=\"\" class=\"wp-image-2017 lazyload\" srcset=\"https:\/\/terrazza.hr\/wp-content\/uploads\/2025\/06\/terrazza-limoni-06-2025.jpg 1920w, https:\/\/terrazza.hr\/wp-content\/uploads\/2025\/06\/terrazza-limoni-06-2025-300x200.jpg 300w, https:\/\/terrazza.hr\/wp-content\/uploads\/2025\/06\/terrazza-limoni-06-2025-1024x683.jpg 1024w, https:\/\/terrazza.hr\/wp-content\/uploads\/2025\/06\/terrazza-limoni-06-2025-768x512.jpg 768w, https:\/\/terrazza.hr\/wp-content\/uploads\/2025\/06\/terrazza-limoni-06-2025-1536x1024.jpg 1536w\" sizes=\"(max-width: 1920px) 100vw, 1920px\" \/><\/noscript><\/figure>\n\n\n\n<div class=\"wp-block-group is-content-justification-space-between is-nowrap is-layout-flex wp-container-core-group-is-layout-cb46ffcb wp-block-group-is-layout-flex\">\n<h2 class=\"wp-block-heading ProductNameH2\"><a href=\"https:\/\/terrazza.hr\/de\/limoni-kitchen\/\" data-type=\"page\" data-id=\"1455\">Limoni Sammlung<\/a><\/h2>\n\n\n\n<figure class=\"wp-block-image size-full Arrow\"><a href=\"https:\/\/terrazza.hr\/limoni-kitchen\/\"><img decoding=\"async\" src=\"data:image\/gif;base64,R0lGODlhAQABAIAAAAAAAP\/\/\/yH5BAEAAAAALAAAAAABAAEAAAIBRAA7\" data-src=\"https:\/\/terrazza.hr\/wp-content\/uploads\/2024\/10\/Shape.svg\" alt=\"\" class=\"wp-image-427 lazyload\"\/><noscript><img decoding=\"async\" width=\"61\" height=\"60\" src=\"https:\/\/terrazza.hr\/wp-content\/uploads\/2024\/10\/Shape.svg\" alt=\"\" class=\"wp-image-427 lazyload\"\/><\/noscript><\/a><\/figure>\n<\/div>\n\n\n\n<div class=\"wp-block-columns DetailsColumns MainDetailColumns ticss-3946a726 is-layout-flex wp-container-core-columns-is-layout-28f84493 wp-block-columns-is-layout-flex\">\n<div class=\"wp-block-column is-layout-flow wp-block-column-is-layout-flow\" style=\"flex-basis:50%\">\n<hr class=\"wp-block-separator has-alpha-channel-opacity Separator ticss-42623a7b\"\/>\n\n\n\n<p>Au\u00dfenk\u00fcche<\/p>\n<\/div>\n\n\n\n<div class=\"wp-block-column is-layout-flow wp-block-column-is-layout-flow\" style=\"flex-basis:50%\">\n<hr class=\"wp-block-separator has-alpha-channel-opacity Separator ticss-42623a7b\"\/>\n\n\n\n<p>Hergestellt aus Edelstahl, angepasst an alle Wetterbedingungen.<br>Erh\u00e4ltlich in drei Standardbreiten.<br>Eingebaute Ger\u00e4te.<\/p>\n<\/div>\n<\/div>\n\n\n\n<div class=\"wp-block-columns DetailsColumns MainDetailColumns ticss-3946a726 is-layout-flex wp-container-core-columns-is-layout-28f84493 wp-block-columns-is-layout-flex\">\n<div class=\"wp-block-column is-layout-flow wp-block-column-is-layout-flow\" style=\"flex-basis:50%\">\n<p>K\u00fcchenwagen<\/p>\n<\/div>\n\n\n\n<div class=\"wp-block-column is-layout-flow wp-block-column-is-layout-flow\" style=\"flex-basis:50%\">\n<p>Hochwertigem Edelstahl eine gro\u00dfz\u00fcgige Arbeitsfl\u00e4che.<br>Integrierte Schneidfl\u00e4che aus Eschenholz.<br>Spezielle Aufbewahrungsf\u00e4cher f\u00fcr Lebensmittel und wichtige Utensilien.<\/p>\n<\/div>\n<\/div>\n<\/div>\n\n\n\n<div class=\"wp-block-columns Products2and3 ticss-14053ce6 is-layout-flex wp-container-core-columns-is-layout-a34a4e29 wp-block-columns-is-layout-flex\">\n<div class=\"wp-block-column is-layout-flow wp-block-column-is-layout-flow\" style=\"flex-basis:67%\">\n<div class=\"wp-block-group has-global-padding is-layout-constrained wp-block-group-is-layout-constrained\">\n<figure class=\"wp-block-image size-full SolPhoto\"><img decoding=\"async\" src=\"data:image\/gif;base64,R0lGODlhAQABAIAAAAAAAP\/\/\/yH5BAEAAAAALAAAAAABAAEAAAIBRAA7\" data-src=\"https:\/\/terrazza.hr\/wp-content\/uploads\/2025\/06\/terrazza-sol-06-2025.jpg\" alt=\"\" class=\"wp-image-2023 lazyload\" style=\"aspect-ratio:4\/3;object-fit:cover\"\/><noscript><img decoding=\"async\" width=\"1920\" height=\"1280\" src=\"https:\/\/terrazza.hr\/wp-content\/uploads\/2025\/06\/terrazza-sol-06-2025.jpg\" alt=\"\" class=\"wp-image-2023 lazyload\" style=\"aspect-ratio:4\/3;object-fit:cover\" srcset=\"https:\/\/terrazza.hr\/wp-content\/uploads\/2025\/06\/terrazza-sol-06-2025.jpg 1920w, https:\/\/terrazza.hr\/wp-content\/uploads\/2025\/06\/terrazza-sol-06-2025-300x200.jpg 300w, https:\/\/terrazza.hr\/wp-content\/uploads\/2025\/06\/terrazza-sol-06-2025-1024x683.jpg 1024w, https:\/\/terrazza.hr\/wp-content\/uploads\/2025\/06\/terrazza-sol-06-2025-768x512.jpg 768w, https:\/\/terrazza.hr\/wp-content\/uploads\/2025\/06\/terrazza-sol-06-2025-1536x1024.jpg 1536w\" sizes=\"(max-width: 1920px) 100vw, 1920px\" \/><\/noscript><\/figure>\n\n\n\n<div class=\"wp-block-group is-content-justification-space-between is-nowrap is-layout-flex wp-container-core-group-is-layout-cb46ffcb wp-block-group-is-layout-flex\">\n<h2 class=\"wp-block-heading ProductNameH2\"><a href=\"https:\/\/terrazza.hr\/de\/sol-kitchen\/\" data-type=\"page\" data-id=\"1471\">Sol<\/a><\/h2>\n\n\n\n<figure class=\"wp-block-image size-full Arrow\"><a href=\"https:\/\/terrazza.hr\/de\/sol-kitchen\/\"><img decoding=\"async\" src=\"data:image\/gif;base64,R0lGODlhAQABAIAAAAAAAP\/\/\/yH5BAEAAAAALAAAAAABAAEAAAIBRAA7\" data-src=\"https:\/\/terrazza.hr\/wp-content\/uploads\/2024\/10\/Shape.svg\" alt=\"\" class=\"wp-image-427 lazyload\"\/><noscript><img decoding=\"async\" width=\"61\" height=\"60\" src=\"https:\/\/terrazza.hr\/wp-content\/uploads\/2024\/10\/Shape.svg\" alt=\"\" class=\"wp-image-427 lazyload\"\/><\/noscript><\/a><\/figure>\n<\/div>\n\n\n\n<div class=\"wp-block-columns DetailsColumns ticss-62e35a1a is-layout-flex wp-container-core-columns-is-layout-28f84493 wp-block-columns-is-layout-flex\">\n<div class=\"wp-block-column is-layout-flow wp-block-column-is-layout-flow\" style=\"flex-basis:50%\">\n<hr class=\"wp-block-separator has-alpha-channel-opacity Separator ticss-42623a7b\"\/>\n\n\n\n<p>Au\u00dfenk\u00fcche<\/p>\n<\/div>\n\n\n\n<div class=\"wp-block-column is-layout-flow wp-block-column-is-layout-flow\" style=\"flex-basis:50%\">\n<hr class=\"wp-block-separator has-alpha-channel-opacity Separator ticss-42623a7b\"\/>\n\n\n\n<p>Modulare K\u00fcche, 7 Module.<br>Hergestellt aus Eiche und Stein.<br>Eingebaute Ger\u00e4te.<\/p>\n<\/div>\n<\/div>\n<\/div>\n<\/div>\n\n\n\n<div class=\"wp-block-column is-layout-flow wp-block-column-is-layout-flow\" style=\"flex-basis:33%\">\n<div class=\"wp-block-group has-global-padding is-layout-constrained wp-block-group-is-layout-constrained\">\n<figure class=\"wp-block-image size-full MilkmePhoto\"><a href=\"https:\/\/terrazza.hr\/de\/milkme-stool\/\"><img decoding=\"async\" src=\"data:image\/gif;base64,R0lGODlhAQABAIAAAAAAAP\/\/\/yH5BAEAAAAALAAAAAABAAEAAAIBRAA7\" data-src=\"https:\/\/terrazza.hr\/wp-content\/uploads\/2024\/11\/terrazza-milkme-7-edited.jpg\" alt=\"\" class=\"wp-image-729 lazyload\"\/><noscript><img decoding=\"async\" width=\"1280\" height=\"960\" src=\"https:\/\/terrazza.hr\/wp-content\/uploads\/2024\/11\/terrazza-milkme-7-edited.jpg\" alt=\"\" class=\"wp-image-729 lazyload\" srcset=\"https:\/\/terrazza.hr\/wp-content\/uploads\/2024\/11\/terrazza-milkme-7-edited.jpg 1280w, https:\/\/terrazza.hr\/wp-content\/uploads\/2024\/11\/terrazza-milkme-7-edited-300x225.jpg 300w, https:\/\/terrazza.hr\/wp-content\/uploads\/2024\/11\/terrazza-milkme-7-edited-1024x768.jpg 1024w, https:\/\/terrazza.hr\/wp-content\/uploads\/2024\/11\/terrazza-milkme-7-edited-768x576.jpg 768w\" sizes=\"(max-width: 1280px) 100vw, 1280px\" \/><\/noscript><\/a><\/figure>\n\n\n\n<div class=\"wp-block-group is-content-justification-space-between is-nowrap is-layout-flex wp-container-core-group-is-layout-cb46ffcb wp-block-group-is-layout-flex\">\n<h2 class=\"wp-block-heading ProductNameH2\"><a href=\"https:\/\/terrazza.hr\/de\/milkme-stool\/\" data-type=\"page\" data-id=\"1461\">MILKme<\/a><\/h2>\n\n\n\n<figure class=\"wp-block-image size-full Arrow\"><a href=\"https:\/\/terrazza.hr\/de\/milkme-stool\/\"><img decoding=\"async\" src=\"data:image\/gif;base64,R0lGODlhAQABAIAAAAAAAP\/\/\/yH5BAEAAAAALAAAAAABAAEAAAIBRAA7\" data-src=\"https:\/\/terrazza.hr\/wp-content\/uploads\/2024\/10\/Shape.svg\" alt=\"\" class=\"wp-image-427 lazyload\"\/><noscript><img decoding=\"async\" width=\"61\" height=\"60\" src=\"https:\/\/terrazza.hr\/wp-content\/uploads\/2024\/10\/Shape.svg\" alt=\"\" class=\"wp-image-427 lazyload\"\/><\/noscript><\/a><\/figure>\n<\/div>\n\n\n\n<div class=\"wp-block-columns DetailsColumns is-layout-flex wp-container-core-columns-is-layout-28f84493 wp-block-columns-is-layout-flex\">\n<div class=\"wp-block-column is-layout-flow wp-block-column-is-layout-flow\" style=\"flex-basis:50%\">\n<hr class=\"wp-block-separator has-alpha-channel-opacity Separator ticss-42623a7b\"\/>\n\n\n\n<p>Hocker<\/p>\n<\/div>\n\n\n\n<div class=\"wp-block-column is-layout-flow wp-block-column-is-layout-flow\" style=\"flex-basis:50%\">\n<hr class=\"wp-block-separator has-alpha-channel-opacity Separator ticss-42623a7b\"\/>\n\n\n\n<p>Eiche und Messing.<br>Stapelkbar.<\/p>\n<\/div>\n<\/div>\n<\/div>\n<\/div>\n<\/div>\n<\/div>\n\n\n\n<div class=\"wp-block-group alignfull has-base-2-background-color has-background has-global-padding is-layout-constrained wp-block-group-is-layout-constrained\" style=\"padding-top:var(--wp--preset--spacing--30);padding-bottom:var(--wp--preset--spacing--30)\">\n<div class=\"wp-block-columns is-not-stacked-on-mobile is-layout-flex wp-container-core-columns-is-layout-28f84493 wp-block-columns-is-layout-flex\">\n<div class=\"wp-block-column is-layout-flow wp-block-column-is-layout-flow\">\n<p class=\"has-custom-white-color has-text-color has-link-color wp-elements-f1cee572a26ed70f7ffa16e40b3fc47d\">UNSERE GESCHICHTE<\/p>\n<\/div>\n\n\n\n<div class=\"wp-block-column is-layout-flow wp-block-column-is-layout-flow\">\n<figure class=\"wp-block-image alignright size-medium OurStoryPhoto ticss-f12b323a\"><img decoding=\"async\" src=\"data:image\/gif;base64,R0lGODlhAQABAIAAAAAAAP\/\/\/yH5BAEAAAAALAAAAAABAAEAAAIBRAA7\" data-src=\"https:\/\/terrazza.hr\/wp-content\/uploads\/2024\/11\/our-story-homepage-300x226.png\" alt=\"\" class=\"wp-image-553 lazyload\"\/><noscript><img decoding=\"async\" width=\"300\" height=\"226\" src=\"https:\/\/terrazza.hr\/wp-content\/uploads\/2024\/11\/our-story-homepage-300x226.png\" alt=\"\" class=\"wp-image-553 lazyload\" srcset=\"https:\/\/terrazza.hr\/wp-content\/uploads\/2024\/11\/our-story-homepage-300x226.png 300w, https:\/\/terrazza.hr\/wp-content\/uploads\/2024\/11\/our-story-homepage.png 479w\" sizes=\"(max-width: 300px) 100vw, 300px\" \/><\/noscript><\/figure>\n<\/div>\n<\/div>\n\n\n\n<div class=\"wp-block-columns UpMargin ticss-0657331b OurStoryColumns is-layout-flex wp-container-core-columns-is-layout-28f84493 wp-block-columns-is-layout-flex\">\n<div class=\"wp-block-column is-layout-flow wp-block-column-is-layout-flow\" style=\"flex-basis:80%\">\n<h2 class=\"wp-block-heading width1370 ProductNameH2 has-custom-white-color has-text-color has-link-color wp-elements-8e85ceeb53a69fbe9b6eb31d950f3237\">Unsere Geschichte basiert auf einer Leidenschaft f\u00fcr Holzarbeit und die mediterranen Traditionen. Wir haben eine Outdoor-Marke erschaffen, die sich auf hochwertige, nachhaltige L\u00f6sungen aus lokal beschafften Materialien konzentriert und Handwerkskunst mit dem Wesen der mediterranen Lebensfreude verbindet.<\/h2>\n<\/div>\n\n\n\n<div class=\"wp-block-column is-layout-flow wp-block-column-is-layout-flow\" style=\"flex-basis:20%\">\n<figure class=\"wp-block-image alignright size-full Arrow wp-container-content-6b166158 wp-duotone-ffffff-ffffff-1\"><a href=\"https:\/\/terrazza.hr\/de\/about\/\"><img decoding=\"async\" src=\"data:image\/gif;base64,R0lGODlhAQABAIAAAAAAAP\/\/\/yH5BAEAAAAALAAAAAABAAEAAAIBRAA7\" data-src=\"https:\/\/terrazza.hr\/wp-content\/uploads\/2024\/10\/Shape.svg\" alt=\"\" class=\"wp-image-427 lazyload\" style=\"object-fit:cover\"\/><noscript><img decoding=\"async\" width=\"61\" height=\"60\" src=\"https:\/\/terrazza.hr\/wp-content\/uploads\/2024\/10\/Shape.svg\" alt=\"\" class=\"wp-image-427 lazyload\" style=\"object-fit:cover\"\/><\/noscript><\/a><\/figure>\n<\/div>\n<\/div>\n<\/div>\n\n\n\n<figure class=\"wp-block-image alignfull size-full RemoveTopMargin ticss-4f187fd7 HomeLastPhoto\"><img decoding=\"async\" src=\"data:image\/gif;base64,R0lGODlhAQABAIAAAAAAAP\/\/\/yH5BAEAAAAALAAAAAABAAEAAAIBRAA7\" data-src=\"https:\/\/terrazza.hr\/wp-content\/uploads\/2024\/11\/terrazza-our-story-3-1.jpg\" alt=\"\" class=\"wp-image-740 lazyload\" title=\"\"\/><noscript><img decoding=\"async\" width=\"1920\" height=\"1279\" src=\"https:\/\/terrazza.hr\/wp-content\/uploads\/2024\/11\/terrazza-our-story-3-1.jpg\" alt=\"\" class=\"wp-image-740 lazyload\" title=\"\" srcset=\"https:\/\/terrazza.hr\/wp-content\/uploads\/2024\/11\/terrazza-our-story-3-1.jpg 1920w, https:\/\/terrazza.hr\/wp-content\/uploads\/2024\/11\/terrazza-our-story-3-1-300x200.jpg 300w, https:\/\/terrazza.hr\/wp-content\/uploads\/2024\/11\/terrazza-our-story-3-1-1024x682.jpg 1024w, https:\/\/terrazza.hr\/wp-content\/uploads\/2024\/11\/terrazza-our-story-3-1-768x512.jpg 768w, https:\/\/terrazza.hr\/wp-content\/uploads\/2024\/11\/terrazza-our-story-3-1-1536x1023.jpg 1536w\" sizes=\"(max-width: 1920px) 100vw, 1920px\" \/><\/noscript><\/figure>\n\n\n\n<div class=\"wp-block-group UpMargin has-global-padding is-layout-constrained wp-block-group-is-layout-constrained\" style=\"margin-top:-12px;margin-bottom:var(--wp--preset--spacing--30)\">\n<p>KONTAKTIEREN SIE UNS<\/p>\n\n\n\n<p class=\"width920\">Brauchen Sie eine K\u00fcche oder m\u00f6chten Sie mehr \u00fcber unsere Produkte erfahren? Kontaktieren Sie uns, damit wir Ihnen weiterhelfen k\u00f6nnen! Wir bieten Beratungen und Simulationen von K\u00fcchenoptionen, die auf Ihre Bed\u00fcrfnisse und Raumanforderungen abgestimmt sind.<\/p>\n\n\n\n<p style=\"text-decoration:underline\"><a href=\"https:\/\/terrazza.hr\/de\/contact\/\" data-type=\"page\" data-id=\"1425\">Senden Sie uns eine Nachricht<\/a><\/p>\n<\/div>\n","protected":false},"excerpt":{"rendered":"<p>WIR SIND TERRAZZA &amp; Wir kreieren Outdoor-M\u00f6bel, inspiriert von der mediterranen Tradition des Genusses. Unsere Designs fangen die entspannte, zeitlose Sch\u00f6nheit des mediterranen Lebensstils ein und bringen dieses Gef\u00fchl von Freude und Verbundenheit in Ihre Au\u00dfenbereiche. UNSERE PRODUKTE Limoni Sammlung Au\u00dfenk\u00fcche Hergestellt aus Edelstahl, angepasst an alle Wetterbedingungen.Erh\u00e4ltlich in drei Standardbreiten.Eingebaute Ger\u00e4te. K\u00fcchenwagen Hochwertigem Edelstahl [&hellip;]<\/p>\n","protected":false},"author":1,"featured_media":0,"parent":0,"menu_order":0,"comment_status":"closed","ping_status":"closed","template":"page-no-title","meta":{"_themeisle_gutenberg_block_has_review":false,"footnotes":""},"class_list":["post-1441","page","type-page","status-publish","hentry"],"_links":{"self":[{"href":"https:\/\/terrazza.hr\/de\/wp-json\/wp\/v2\/pages\/1441","targetHints":{"allow":["GET"]}}],"collection":[{"href":"https:\/\/terrazza.hr\/de\/wp-json\/wp\/v2\/pages"}],"about":[{"href":"https:\/\/terrazza.hr\/de\/wp-json\/wp\/v2\/types\/page"}],"author":[{"embeddable":true,"href":"https:\/\/terrazza.hr\/de\/wp-json\/wp\/v2\/users\/1"}],"replies":[{"embeddable":true,"href":"https:\/\/terrazza.hr\/de\/wp-json\/wp\/v2\/comments?post=1441"}],"version-history":[{"count":22,"href":"https:\/\/terrazza.hr\/de\/wp-json\/wp\/v2\/pages\/1441\/revisions"}],"predecessor-version":[{"id":2217,"href":"https:\/\/terrazza.hr\/de\/wp-json\/wp\/v2\/pages\/1441\/revisions\/2217"}],"wp:attachment":[{"href":"https:\/\/terrazza.hr\/de\/wp-json\/wp\/v2\/media?parent=1441"}],"curies":[{"name":"wp","href":"https:\/\/api.w.org\/{rel}","templated":true}]}}