{"id":1428,"date":"2024-10-23T08:47:10","date_gmt":"2024-10-23T06:47:10","guid":{"rendered":"https:\/\/terrazza.hr\/?page_id=1428"},"modified":"2026-01-16T08:34:48","modified_gmt":"2026-01-16T07:34:48","slug":"about","status":"publish","type":"page","link":"https:\/\/terrazza.hr\/de\/about\/","title":{"rendered":"\u00dcber uns"},"content":{"rendered":"\n<div class=\"wp-block-group SmallNavMargin has-global-padding is-layout-constrained wp-block-group-is-layout-constrained\">\n<figure class=\"wp-block-image size-full AboutHeroImg ticss-3e67cb16\"><img decoding=\"async\" src=\"data:image\/gif;base64,R0lGODlhAQABAIAAAAAAAP\/\/\/yH5BAEAAAAALAAAAAABAAEAAAIBRAA7\" data-src=\"https:\/\/terrazza.hr\/wp-content\/uploads\/2024\/11\/terrazza-about-us-1.jpg\" alt=\"\" class=\"wp-image-661 lazyload\"\/><noscript><img decoding=\"async\" width=\"1920\" height=\"1280\" src=\"https:\/\/terrazza.hr\/wp-content\/uploads\/2024\/11\/terrazza-about-us-1.jpg\" alt=\"\" class=\"wp-image-661 lazyload\" srcset=\"https:\/\/terrazza.hr\/wp-content\/uploads\/2024\/11\/terrazza-about-us-1.jpg 1920w, https:\/\/terrazza.hr\/wp-content\/uploads\/2024\/11\/terrazza-about-us-1-300x200.jpg 300w, https:\/\/terrazza.hr\/wp-content\/uploads\/2024\/11\/terrazza-about-us-1-1024x683.jpg 1024w, https:\/\/terrazza.hr\/wp-content\/uploads\/2024\/11\/terrazza-about-us-1-768x512.jpg 768w, https:\/\/terrazza.hr\/wp-content\/uploads\/2024\/11\/terrazza-about-us-1-1536x1024.jpg 1536w\" sizes=\"(max-width: 1920px) 100vw, 1920px\" \/><\/noscript><\/figure>\n<\/div>\n\n\n\n<div class=\"wp-block-group DownMargin SmallNavMargin has-global-padding is-layout-constrained wp-block-group-is-layout-constrained\">\n<h2 class=\"wp-block-heading has-text-align-left ProductNameH2 width1370\">Nach jahrelanger Leitung eines familiengef\u00fchrten Tischlereibetriebs, ausgestattet mit Erfahrung und Leidenschaft f\u00fcr Holzarbeiten, entschieden sie sich, eine Outdoor-K\u00fcchenmarke zu gr\u00fcnden, die hochwertige, nachhaltige K\u00fcchenl\u00f6sungen aus nat\u00fcrlichen, lokal bezogenen Materialien bietet.<\/h2>\n\n\n\n<p class=\"width920 SmallNavMargin\">Terrazza Outdoor-M\u00f6bel wurde 2021 in der K\u00fcstenstadt Pula, Kroatien, von Dean und Marina gegr\u00fcndet. Angetrieben von der Idee, eine Outdoor-K\u00fcche als Ort des Genusses und Zusammenkommens zu schaffen, wollten sie den Au\u00dfenbereich aufwerten und gleichzeitig im Einklang mit der nat\u00fcrlichen Umgebung bleiben.<\/p>\n<\/div>\n\n\n\n<div class=\"wp-block-group alignfull has-base-2-background-color has-background has-global-padding is-layout-constrained wp-block-group-is-layout-constrained\">\n<div class=\"wp-block-group has-global-padding is-layout-constrained wp-block-group-is-layout-constrained\">\n<p class=\"DownMargin OurMission has-custom-white-color has-text-color has-link-color wp-elements-aacfb42fed265627b848ca3bd60030ed\">UNSERE MISSION<\/p>\n\n\n\n<h2 class=\"wp-block-heading ProductNameH2 width1370 has-custom-white-color has-text-color has-link-color wp-elements-64ee6f8e20556ae85940c32977122832\">K\u00fcchen zu schaffen, die die Tradition mediterranen Genusses einfangen und die Sch\u00f6nheit der nat\u00fcrlichen Umgebung betonen.<\/h2>\n\n\n\n<figure class=\"wp-block-image size-full TerrazzaTeamImg ticss-69202a28\"><img decoding=\"async\" src=\"data:image\/gif;base64,R0lGODlhAQABAIAAAAAAAP\/\/\/yH5BAEAAAAALAAAAAABAAEAAAIBRAA7\" data-src=\"https:\/\/terrazza.hr\/wp-content\/uploads\/2024\/11\/terrazza-about-us-2-1.jpg\" alt=\"\" class=\"wp-image-1133 lazyload\"\/><noscript><img decoding=\"async\" width=\"1920\" height=\"1280\" src=\"https:\/\/terrazza.hr\/wp-content\/uploads\/2024\/11\/terrazza-about-us-2-1.jpg\" alt=\"\" class=\"wp-image-1133 lazyload\" srcset=\"https:\/\/terrazza.hr\/wp-content\/uploads\/2024\/11\/terrazza-about-us-2-1.jpg 1920w, https:\/\/terrazza.hr\/wp-content\/uploads\/2024\/11\/terrazza-about-us-2-1-300x200.jpg 300w, https:\/\/terrazza.hr\/wp-content\/uploads\/2024\/11\/terrazza-about-us-2-1-1024x683.jpg 1024w, https:\/\/terrazza.hr\/wp-content\/uploads\/2024\/11\/terrazza-about-us-2-1-768x512.jpg 768w, https:\/\/terrazza.hr\/wp-content\/uploads\/2024\/11\/terrazza-about-us-2-1-1536x1024.jpg 1536w\" sizes=\"(max-width: 1920px) 100vw, 1920px\" \/><\/noscript><\/figure>\n<\/div>\n<\/div>\n\n\n\n<div class=\"wp-block-columns DownMargin is-layout-flex wp-container-core-columns-is-layout-8eafb21d wp-block-columns-is-layout-flex\" style=\"margin-top:0px\">\n<div class=\"wp-block-column is-vertically-aligned-top AboutColumn ticss-434da3b3 is-layout-flow wp-block-column-is-layout-flow\">\n<div class=\"wp-block-group has-global-padding is-layout-constrained wp-block-group-is-layout-constrained\">\n<p class=\"SmallNavMargin\" style=\"padding-bottom:var(--wp--preset--spacing--60)\">HANDWERKSKUNST<\/p>\n\n\n\n<p>Leidenschaft f\u00fcr nat\u00fcrliche Materialien und Handwerkskunst sowie Hingabe zur Meisterschaft sind unverzichtbare Zutaten f\u00fcr die Herstellung hochwertiger Holzprodukte. F\u00fcr Terrazza ist Handwerkskunst eine Form der intimen Verbindung mit dem Material und das praktische Wissen, Dass das Potenzial der Materialien von Grund auf erschlie\u00dft.<\/p>\n<\/div>\n\n\n\n<figure class=\"wp-block-image size-large SmallNavMargin\"><img decoding=\"async\" src=\"data:image\/gif;base64,R0lGODlhAQABAIAAAAAAAP\/\/\/yH5BAEAAAAALAAAAAABAAEAAAIBRAA7\" data-src=\"https:\/\/terrazza.hr\/wp-content\/uploads\/2024\/11\/terrazza-about-us-3-683x1024.jpg\" alt=\"\" class=\"wp-image-665 lazyload\"\/><noscript><img decoding=\"async\" width=\"683\" height=\"1024\" src=\"https:\/\/terrazza.hr\/wp-content\/uploads\/2024\/11\/terrazza-about-us-3-683x1024.jpg\" alt=\"\" class=\"wp-image-665 lazyload\" srcset=\"https:\/\/terrazza.hr\/wp-content\/uploads\/2024\/11\/terrazza-about-us-3-683x1024.jpg 683w, https:\/\/terrazza.hr\/wp-content\/uploads\/2024\/11\/terrazza-about-us-3-200x300.jpg 200w, https:\/\/terrazza.hr\/wp-content\/uploads\/2024\/11\/terrazza-about-us-3-768x1152.jpg 768w, https:\/\/terrazza.hr\/wp-content\/uploads\/2024\/11\/terrazza-about-us-3-1024x1536.jpg 1024w, https:\/\/terrazza.hr\/wp-content\/uploads\/2024\/11\/terrazza-about-us-3.jpg 1280w\" sizes=\"(max-width: 683px) 100vw, 683px\" \/><\/noscript><\/figure>\n<\/div>\n\n\n\n<div class=\"wp-block-column is-vertically-aligned-stretch AboutColumn is-layout-flow wp-block-column-is-layout-flow\">\n<div class=\"wp-block-group has-global-padding is-layout-constrained wp-block-group-is-layout-constrained\">\n<p class=\"SmallNavMargin\" style=\"padding-bottom:var(--wp--preset--spacing--60)\">DESIGN<\/p>\n\n\n\n<p>Es geht um dieses kreative und herausfordernde Unterfangen, das darauf abzielt, verschiedene Aspekte eines erfolgreichen Produkts zu vereinen: technisches Potenzial, Innovation, Funktion und Ergonomie mit einer zeitlosen \u00c4sthetik, die die Sinne anregt und die rohe Sch\u00f6nheit nat\u00fcrlicher Materialien betont.<\/p>\n<\/div>\n\n\n\n<figure class=\"wp-block-image size-large SmallNavMargin\"><img decoding=\"async\" src=\"data:image\/gif;base64,R0lGODlhAQABAIAAAAAAAP\/\/\/yH5BAEAAAAALAAAAAABAAEAAAIBRAA7\" data-src=\"https:\/\/terrazza.hr\/wp-content\/uploads\/2024\/11\/terrazza-about-us-4-683x1024.jpg\" alt=\"\" class=\"wp-image-667 lazyload\"\/><noscript><img decoding=\"async\" width=\"683\" height=\"1024\" src=\"https:\/\/terrazza.hr\/wp-content\/uploads\/2024\/11\/terrazza-about-us-4-683x1024.jpg\" alt=\"\" class=\"wp-image-667 lazyload\" srcset=\"https:\/\/terrazza.hr\/wp-content\/uploads\/2024\/11\/terrazza-about-us-4-683x1024.jpg 683w, https:\/\/terrazza.hr\/wp-content\/uploads\/2024\/11\/terrazza-about-us-4-200x300.jpg 200w, https:\/\/terrazza.hr\/wp-content\/uploads\/2024\/11\/terrazza-about-us-4-768x1152.jpg 768w, https:\/\/terrazza.hr\/wp-content\/uploads\/2024\/11\/terrazza-about-us-4-1024x1536.jpg 1024w, https:\/\/terrazza.hr\/wp-content\/uploads\/2024\/11\/terrazza-about-us-4.jpg 1280w\" sizes=\"(max-width: 683px) 100vw, 683px\" \/><\/noscript><\/figure>\n<\/div>\n<\/div>\n","protected":false},"excerpt":{"rendered":"<p>Nach jahrelanger Leitung eines familiengef\u00fchrten Tischlereibetriebs, ausgestattet mit Erfahrung und Leidenschaft f\u00fcr Holzarbeiten, entschieden sie sich, eine Outdoor-K\u00fcchenmarke zu gr\u00fcnden, die hochwertige, nachhaltige K\u00fcchenl\u00f6sungen aus nat\u00fcrlichen, lokal bezogenen Materialien bietet. Terrazza Outdoor-M\u00f6bel wurde 2021 in der K\u00fcstenstadt Pula, Kroatien, von Dean und Marina gegr\u00fcndet. Angetrieben von der Idee, eine Outdoor-K\u00fcche als Ort des Genusses und [&hellip;]<\/p>\n","protected":false},"author":1,"featured_media":0,"parent":0,"menu_order":0,"comment_status":"closed","ping_status":"closed","template":"page-no-title","meta":{"_themeisle_gutenberg_block_has_review":false,"footnotes":""},"class_list":["post-1428","page","type-page","status-publish","hentry"],"_links":{"self":[{"href":"https:\/\/terrazza.hr\/de\/wp-json\/wp\/v2\/pages\/1428","targetHints":{"allow":["GET"]}}],"collection":[{"href":"https:\/\/terrazza.hr\/de\/wp-json\/wp\/v2\/pages"}],"about":[{"href":"https:\/\/terrazza.hr\/de\/wp-json\/wp\/v2\/types\/page"}],"author":[{"embeddable":true,"href":"https:\/\/terrazza.hr\/de\/wp-json\/wp\/v2\/users\/1"}],"replies":[{"embeddable":true,"href":"https:\/\/terrazza.hr\/de\/wp-json\/wp\/v2\/comments?post=1428"}],"version-history":[{"count":7,"href":"https:\/\/terrazza.hr\/de\/wp-json\/wp\/v2\/pages\/1428\/revisions"}],"predecessor-version":[{"id":2259,"href":"https:\/\/terrazza.hr\/de\/wp-json\/wp\/v2\/pages\/1428\/revisions\/2259"}],"wp:attachment":[{"href":"https:\/\/terrazza.hr\/de\/wp-json\/wp\/v2\/media?parent=1428"}],"curies":[{"name":"wp","href":"https:\/\/api.w.org\/{rel}","templated":true}]}}